{"id":10929,"date":"2024-10-01T12:55:29","date_gmt":"2024-10-01T10:55:29","guid":{"rendered":"http:\/\/cidladev.mh370.cz\/?page_id=10929"},"modified":"2024-10-02T10:12:31","modified_gmt":"2024-10-02T08:12:31","slug":"dokumenty-ke-stazeni","status":"publish","type":"page","link":"https:\/\/cidladev.mh370.cz\/cs\/dokumenty-ke-stazeni\/","title":{"rendered":"Ke sta\u017een\u00ed"},"content":{"rendered":"<p>Soubory ke sta\u017een\u00ed na&nbsp;webov\u00fdch str\u00e1nk\u00e1ch www.careforair.eu \/ www.cidla.cz jsou ur\u010den\u00e9 v\u00fdhradn\u011b k&nbsp;propagaci a&nbsp;prezentaci produkt\u016f firmy Protronix s.r.o. obchodn\u00edmi partnery Protronix s.r.o. Loga firmy Protronix s.r.o. jsou evidov\u00e1na \u00da\u0159adem Pr\u016fmyslov\u00e9ho Vlastnictv\u00ed jako ochrann\u00e9 zn\u00e1mky.<\/p>\n<p>D\u011bkujeme.<\/p>\n","protected":false},"excerpt":{"rendered":"<p>Soubory ke sta\u017een\u00ed na&nbsp;webov\u00fdch str\u00e1nk\u00e1ch www.careforair.eu \/ www.cidla.cz jsou ur\u010den\u00e9 v\u00fdhradn\u011b k&nbsp;propagaci a&nbsp;prezentaci produkt\u016f firmy Protronix s.r.o. obchodn\u00edmi partnery Protronix s.r.o. Loga firmy Protronix s.r.o. jsou evidov\u00e1na \u00da\u0159adem Pr\u016fmyslov\u00e9ho Vlastnictv\u00ed jako ochrann\u00e9 zn\u00e1mky. D\u011bkujeme.<\/p>\n","protected":false},"author":4,"featured_media":0,"parent":0,"menu_order":0,"comment_status":"closed","ping_status":"closed","template":"template-ke-stazeni.php","meta":{"footnotes":""},"class_list":["post-10929","page","type-page","status-publish","hentry"],"acf":[],"_links":{"self":[{"href":"https:\/\/cidladev.mh370.cz\/cs\/wp-json\/wp\/v2\/pages\/10929","targetHints":{"allow":["GET"]}}],"collection":[{"href":"https:\/\/cidladev.mh370.cz\/cs\/wp-json\/wp\/v2\/pages"}],"about":[{"href":"https:\/\/cidladev.mh370.cz\/cs\/wp-json\/wp\/v2\/types\/page"}],"author":[{"embeddable":true,"href":"https:\/\/cidladev.mh370.cz\/cs\/wp-json\/wp\/v2\/users\/4"}],"replies":[{"embeddable":true,"href":"https:\/\/cidladev.mh370.cz\/cs\/wp-json\/wp\/v2\/comments?post=10929"}],"version-history":[{"count":0,"href":"https:\/\/cidladev.mh370.cz\/cs\/wp-json\/wp\/v2\/pages\/10929\/revisions"}],"wp:attachment":[{"href":"https:\/\/cidladev.mh370.cz\/cs\/wp-json\/wp\/v2\/media?parent=10929"}],"curies":[{"name":"wp","href":"https:\/\/api.w.org\/{rel}","templated":true}]}}