{"id":11027,"date":"2024-11-07T08:33:12","date_gmt":"2024-11-07T07:33:12","guid":{"rendered":"http:\/\/cidladev.mh370.cz\/?page_id=11027"},"modified":"2024-11-07T08:35:19","modified_gmt":"2024-11-07T07:35:19","slug":"zasady-ochrany-osobnich-udaju","status":"publish","type":"page","link":"https:\/\/cidladev.mh370.cz\/cs\/zasady-ochrany-osobnich-udaju\/","title":{"rendered":"Z\u00e1sady ochrany osobn\u00edch \u00fadaj\u016f"},"content":{"rendered":"<p>Ochrana va\u0161ich osobn\u00edch \u00fadaj\u016f je pro n\u00e1s velmi d\u016fle\u017eit\u00e1, a&nbsp;proto pln\u011b prob\u00edh\u00e1 v&nbsp;souladu s&nbsp;Obecn\u00fdm na\u0159\u00edzen\u00edm o&nbsp;ochran\u011b osobn\u00edch \u00fadaj\u016f \u2013 Na\u0159\u00edzen\u00edm Evropsk\u00e9ho parlamentu a&nbsp;rady (EU) 2016\/679 ze&nbsp;dne 27.4.2016. Obavy m\u00edt nemus\u00edte. Va\u0161e \u00fadaje jsou u&nbsp;n\u00e1s v&nbsp;bezpe\u010d\u00ed a&nbsp;nebudou nikdy poskytnuty t\u0159et\u00ed stran\u011b.<\/p>\n<h2>Kdo bude shroma\u017e\u010fovat va\u0161e osobn\u00ed \u00fadaje?<\/h2>\n<p>Spole\u010dnost Protronix s.r.o., I\u010c: 25962264 (d\u00e1le jen Protronix).<\/p>\n<p><strong>Ochrana osobn\u00edch \u00fadaj\u016f je pro n\u00e1s d\u016fle\u017eit\u00e1.\u00a0<\/strong>U n\u00e1s, v&nbsp;Protronixu dodr\u017eujeme n\u00e1sleduj\u00edc\u00ed principy:<\/p>\n<ul>\n<li>Nept\u00e1me se na&nbsp;osobn\u00ed informace, pokud je skute\u010dn\u011b nepot\u0159ebujeme.<\/li>\n<li>Nesd\u00edl\u00edme va\u0161e osobn\u00ed informace s&nbsp;nik\u00fdm dal\u0161\u00edm, krom\u011b p\u0159\u00edpad\u016f t\u00fdkaj\u00edc\u00edch se z\u00e1kona, v\u00fdvoje na\u0161ich produkt\u016f nebo ochrany na\u0161ich pr\u00e1v.<\/li>\n<li>Neukl\u00e1d\u00e1me osobn\u00ed informace na&nbsp;na\u0161ich serverech, leda\u017ee se jedn\u00e1 o&nbsp;prob\u00edhaj\u00edc\u00ed vyu\u017e\u00edv\u00e1n\u00ed na\u0161ich slu\u017eeb.<\/li>\n<\/ul>\n<p>N\u00ed\u017ee uveden\u00e9 prohl\u00e1\u0161en\u00ed o&nbsp;ochran\u011b osobn\u00edch \u00fadaj\u016f obsahuje i&nbsp;tyto principy. Toto prohl\u00e1\u0161en\u00ed o&nbsp;ochran\u011b osobn\u00edch \u00fadaj\u016f se t\u00fdk\u00e1 v\u0161ech na\u0161ich slu\u017eeb na\u00a0<a href=\"https:\/\/www.cidla.cz\/\" target=\"_blank\" rel=\"noopener\">cidla.cz<\/a>.<\/p>\n<p>Pokud m\u00e1te ot\u00e1zku ohledn\u011b p\u0159\u00edstupu nebo opravy va\u0161ich osobn\u00edch dat, pros\u00edm,\u00a0<a href=\"https:\/\/www.cidla.cz\/kontakty\/\" target=\"_blank\" rel=\"noopener noreferrer\">kontaktujte n\u00e1s<\/a>.<\/p>\n<p>V&nbsp;Protronixu respektujeme va\u0161e soukrom\u00ed a\u0165 se jedn\u00e1 o&nbsp;jakoukoliv informaci, kterou m\u016f\u017eeme ukl\u00e1dat p\u0159i&nbsp;provozu na\u0161ich str\u00e1nek.<\/p>\n<h2>Rozsah zpracov\u00e1n\u00ed osobn\u00edch \u00fadaj\u016f<\/h2>\n<p>Va\u0161e osobn\u00ed \u00fadaje z\u00edsk\u00e1v\u00e1me, pokud:<\/p>\n<ul>\n<li>n\u00e1s kontaktujete prost\u0159ednictv\u00edm webov\u00fdch str\u00e1nek,<\/li>\n<li>se p\u0159ihl\u00e1s\u00edte na&nbsp;\u0161kolen\u00ed,<\/li>\n<li>p\u0159id\u00e1te k&nbsp;p\u0159\u00edsp\u011bvku koment\u00e1\u0159,<\/li>\n<li>si objedn\u00e1te slu\u017ebu na&nbsp;na\u0161ich webov\u00fdch str\u00e1nk\u00e1ch,<\/li>\n<li>n\u00e1m po\u0161lete popt\u00e1vku na&nbsp;na\u0161e slu\u017eby,<\/li>\n<li>s n\u00e1mi uzav\u0159ete smlouvu,<\/li>\n<li>n\u00e1m \u00fadaje sami poskytnete e-mailem, telefonicky nebo jin\u00fdm zp\u016fsobem.<\/li>\n<\/ul>\n<p>Zpracov\u00e1v\u00e1me tyto \u00fadaje:<\/p>\n<ul>\n<li>jm\u00e9no a&nbsp;p\u0159\u00edjmen\u00ed nebo obchodn\u00ed firma,<\/li>\n<li>telefonn\u00ed \u010d\u00edslo,<\/li>\n<li>e-mailov\u00e1 adresa,<\/li>\n<li>po\u0161tovn\u00ed adresa,<\/li>\n<li>IP adresa,<\/li>\n<li>identifikace prohl\u00ed\u017ee\u010de, opera\u010dn\u00edho syst\u00e9mu a&nbsp;dal\u0161\u00ed informace pro anal\u00fdzu n\u00e1v\u0161t\u011bvnosti,<\/li>\n<li>cookies.<\/li>\n<\/ul>\n<h2>\u00da\u010dely zpracov\u00e1n\u00ed a&nbsp;jejich pr\u00e1vn\u00ed z\u00e1klad<\/h2>\n<h3>Pln\u011bn\u00ed smlouvy<\/h3>\n<p>\u00dadaje, kter\u00e9 n\u00e1m poskytujete, pou\u017e\u00edv\u00e1me k&nbsp;tomu, abychom v\u00e1s kontaktovali zp\u011bt s&nbsp;odpov\u011bd\u00ed na&nbsp;va\u0161e po\u017eadavky pro \u00fa\u010dely pln\u011bn\u00ed smlouvy, vy\u0159\u00edzen\u00ed va\u0161ich objedn\u00e1vek, pro \u00fa\u010dely tvorby webov\u00e9 str\u00e1nky, programov\u00e1n\u00ed a&nbsp;\u0161kolen\u00ed.<\/p>\n<p>Ve\u0161ker\u00e9 osobn\u00ed \u00fadaje jsou zpracov\u00e1ny z\u00e1konn\u00fdm a&nbsp;transparentn\u00edm zp\u016fsobem a&nbsp;jsou vy\u017eadov\u00e1ny pouze p\u0159im\u011b\u0159en\u00e9, relevantn\u00ed a&nbsp;nezbytn\u00e9 \u00fadaje ve vztahu k&nbsp;\u00fa\u010delu zpracov\u00e1n\u00ed.<\/p>\n<h3>Newsletter (opr\u00e1vn\u011bn\u00fd z\u00e1jem)<\/h3>\n<p>Osobn\u00ed \u00fadaje zpracov\u00e1van\u00e9 za&nbsp;\u00fa\u010delem zas\u00edl\u00e1n\u00ed newsletter\u016f, kter\u00e9 upozor\u0148uj\u00ed na&nbsp;nov\u011b vydan\u00e9 \u010dl\u00e1nky na&nbsp;na\u0161em webu nebo obsahuj\u00ed rady, tipy a&nbsp;n\u00e1vody relevatn\u00ed pro redak\u010dn\u00ed syst\u00e9m WordPress. Na\u0161e newslettery pos\u00edl\u00e1me obvykle 2-3x t\u00fddn\u011b.<\/p>\n<h3>Koment\u00e1\u0159e (opr\u00e1vn\u011bn\u00fd z\u00e1jem)<\/h3>\n<p>Kdy\u017e n\u00e1v\u0161t\u011bvn\u00edci p\u0159idaj\u00ed koment\u00e1\u0159 na&nbsp;tento web, jsou shroma\u017e\u010fov\u00e1ny \u00fadaje zobrazen\u00e9 ve formul\u00e1\u0159i pro koment\u00e1\u0159, d\u00e1le IP adresa n\u00e1v\u0161t\u011bvn\u00edka a&nbsp;\u0159et\u011bzec user agent definuj\u00edc\u00ed prohl\u00ed\u017ee\u010d, co\u017e pom\u00e1h\u00e1 k&nbsp;detekci spamu.<\/p>\n<p>Slu\u017eb\u011b Gravatar m\u016f\u017ee b\u00fdt poskytnut anonymn\u00ed \u0159et\u011bzec vytvo\u0159en\u00fd z&nbsp;va\u0161\u00ed emailov\u00e9 adresy (naz\u00fdvan\u00fd tak\u00e9 hash), d\u00edky kter\u00e9mu lze ur\u010dit jestli tuto slu\u017ebu pou\u017e\u00edv\u00e1te. Z\u00e1sady ochrany osobn\u00edch \u00fadaj\u016f slu\u017eby Gravatar jsou k&nbsp;dispozici zde: https:\/\/automattic.com\/privacy\/. Po&nbsp;schv\u00e1len\u00ed va\u0161eho koment\u00e1\u0159e je v\u00e1\u0161 profilov\u00fd obr\u00e1zek viditeln\u00fd pro ve\u0159ejnost v&nbsp;kontextu va\u0161eho koment\u00e1\u0159e.<\/p>\n<p>Koment\u00e1\u0159e n\u00e1v\u0161t\u011bvn\u00edk\u016f mohou b\u00fdt kontrolov\u00e1ny prost\u0159ednictv\u00edm automatizovan\u00e9 slu\u017eby detekce spamu, kter\u00e1 m\u016f\u017ee b\u00fdt um\u00edst\u011bna v&nbsp;zahrani\u010d\u00ed. Z\u00e1sady ochrany osobn\u00edch \u00fadaj\u016f slu\u017eby Akismet anti-spam najdete zde: https:\/\/automattic.com\/privacy\/<\/p>\n<h3>Kontaktn\u00ed formul\u00e1\u0159e (opr\u00e1vn\u011bn\u00fd z\u00e1jem)<\/h3>\n<p>Na&nbsp;na\u0161ich str\u00e1nk\u00e1ch najdete kontaktn\u00ed formul\u00e1\u0159e, kter\u00e9 slou\u017e\u00ed pro popt\u00e1n\u00ed na\u0161ich slu\u017eeb nebo pro zasl\u00e1n\u00ed dotazu \u010di&nbsp;jin\u00e9 informace. Tyto formul\u00e1\u0159e sb\u00edraj\u00ed osobn\u00ed data pouze za&nbsp;\u00fa\u010delem zp\u011btn\u00e9ho kontaktov\u00e1n\u00ed s&nbsp;odpov\u011bd\u00ed.<\/p>\n<h3>Cookies (opr\u00e1vn\u011bn\u00fd z\u00e1jem)<\/h3>\n<p>Detailn\u00ed informace o&nbsp;pou\u017e\u00edvan\u00fdch cookies a&nbsp;nastaven\u00ed preferenc\u00ed najdete na&nbsp;str\u00e1nce\u00a0<a href=\"https:\/\/www.cidla.cz\/zasady-cookies-eu\/\" target=\"_blank\" rel=\"noopener\">Z\u00e1sady cookies (EU)<\/a>.<\/p>\n<p>Standardn\u00ed webov\u00e9 prohl\u00ed\u017ee\u010de (Internet Explorer, Mozilla Firefox, Google Chrome apod.) podporuj\u00ed spr\u00e1vu cookies. V&nbsp;r\u00e1mci nastaven\u00ed prohl\u00ed\u017ee\u010d\u016f m\u016f\u017eete jednotliv\u00e9 cookie ru\u010dn\u011b mazat, blokovat \u010di&nbsp;zcela zak\u00e1zat jejich pou\u017eit\u00ed, lze je tak\u00e9 blokovat nebo povolit jen pro jednotliv\u00e9 internetov\u00e9 str\u00e1nky. Pro detailn\u011bj\u0161\u00ed informace pros\u00edm pou\u017eijte n\u00e1pov\u011bdu va\u0161eho prohl\u00ed\u017ee\u010de. Pokud bude m\u00edt v\u00e1\u0161 prohl\u00ed\u017ee\u010d pou\u017eit\u00ed cookies povoleno, budeme vych\u00e1zet z&nbsp;toho, \u017ee souhlas\u00edte s&nbsp;vyu\u017e\u00edv\u00e1n\u00edm standardn\u00edch cookies ze&nbsp;strany na\u0161eho serveru.<\/p>\n<p><strong>Deaktivace cookies v&nbsp;r\u016fzn\u00fdch prohl\u00ed\u017ee\u010d\u00edch<\/strong><\/p>\n<ul>\n<li>Chrome:\u00a0<a class=\"gtrackexternal\" href=\"https:\/\/support.google.com\/chrome\/answer\/95647?hl=cs&amp;hlrm=cz\" target=\"_blank\" rel=\"noopener noreferrer\">support.google.com<\/a><\/li>\n<li>Opera:\u00a0<a class=\"gtrackexternal\" href=\"http:\/\/help.opera.com\/Windows\/9.64\/cs\/cookies.html\" target=\"_blank\" rel=\"noopener noreferrer\">help.opera.com<\/a><\/li>\n<li>Firefox:\u00a0<a class=\"gtrackexternal\" href=\"https:\/\/support.mozilla.org\/cs\/kb\/povoleni-zakazani-cookies\" target=\"_blank\" rel=\"noopener noreferrer\">support.mozilla.org<\/a><\/li>\n<li>MSIE:\u00a0<a class=\"gtrackexternal\" href=\"http:\/\/windows.microsoft.com\/cs-cz\/windows\/cookies-faq#1TC=windows-7\" target=\"_blank\" rel=\"noopener noreferrer\">windows.microsoft.com<\/a><\/li>\n<li>Safari:\u00a0<a class=\"gtrackexternal\" href=\"http:\/\/support.apple.com\/kb\/HT1677?viewlocale=cs_CZ\" target=\"_blank\" rel=\"noopener noreferrer\">support.apple.com<\/a><\/li>\n<\/ul>\n<h3>Push notifikace (opr\u00e1vn\u011bn\u00fd z\u00e1jem)<\/h3>\n<p>Na&nbsp;na\u0161ich webov\u00fdch str\u00e1nk\u00e1ch pou\u017e\u00edv\u00e1me push notifikace k&nbsp;upozorn\u011bn\u00ed na&nbsp;nov\u00fd obsah. Push notifikace, nebo tak\u00e9 \u201eozn\u00e1men\u00ed\u201c jsou kr\u00e1tk\u00e9 informa\u010dn\u00ed zpr\u00e1vy, kter\u00e9 se v\u00e1m zobrazuj\u00ed na&nbsp;plo\u0161e po\u010d\u00edta\u010de \u010di&nbsp;obrazovce mobiln\u00edho telefonu. Pro rozes\u00edl\u00e1n\u00ed push notifikac\u00ed se vyu\u017e\u00edv\u00e1 slu\u017eba OneSignal, jejich z\u00e1sady ochrany osobn\u00edch \u00fadaj\u016f najdete zde https:\/\/onesignal.com\/privacy_policy<\/p>\n<p>P\u0159ihl\u00e1\u0161en\u00ed k&nbsp;push notifikac\u00edm m\u016f\u017eete spravovat ve sv\u00e9m prohl\u00ed\u017ee\u010di, kde je m\u016f\u017eete deaktivovat.<\/p>\n<p><strong>Deaktivace push notifikace v&nbsp;r\u016fzn\u00fdch prohl\u00ed\u017ee\u010d\u00edch<\/strong><\/p>\n<ul>\n<li>Chrome:\u00a0<a class=\"gtrackexternal\" href=\"https:\/\/support.google.com\/chrome\/answer\/3220216?co=GENIE.Platform%3DDesktop&amp;hl=cs\" target=\"_blank\" rel=\"noopener noreferrer\">support.google.com<\/a><\/li>\n<li>Opera:\u00a0<a class=\"gtrackexternal\" href=\"http:\/\/help.opera.com\/Windows\/11.50\/en\/notifications.html\" target=\"_blank\" rel=\"noopener noreferrer\">help.opera.com<\/a><\/li>\n<li>Firefox:\u00a0<a class=\"gtrackexternal\" href=\"https:\/\/support.mozilla.org\/en-US\/kb\/push-notifications-firefox\" target=\"_blank\" rel=\"noopener noreferrer\">support.mozilla.org<\/a><\/li>\n<li>MSIE:\u00a0<a class=\"gtrackexternal\" href=\"https:\/\/www.windowscentral.com\/how-manage-web-notifications-edge-windows-10\" target=\"_blank\" rel=\"noopener noreferrer\">windows.microsoft.com<\/a><\/li>\n<li>Safari: support.apple.com<\/li>\n<\/ul>\n<h3>Vlo\u017een\u00fd obsah z&nbsp;dal\u0161\u00edch web\u016f (opr\u00e1vn\u011bn\u00fd z\u00e1jem)<\/h3>\n<p>P\u0159\u00edsp\u011bvky na&nbsp;t\u011bchto str\u00e1nk\u00e1ch mohou obsahovat vlo\u017een\u00fd obsah (nap\u0159\u00edklad videa, obr\u00e1zky, \u010dl\u00e1nky atd.). Vlo\u017een\u00fd obsah z&nbsp;jin\u00fdch webov\u00fdch str\u00e1nek se chov\u00e1 stejn\u00fdm zp\u016fsobem, jako kdyby n\u00e1v\u0161t\u011bvn\u00edk nav\u0161t\u00edvil jin\u00fd web.<\/p>\n<p>Tyto webov\u00e9 str\u00e1nky mohou shroma\u017e\u010fovat data o&nbsp;v\u00e1s, pou\u017e\u00edvat soubory cookies, vkl\u00e1dat dal\u0161\u00ed sledov\u00e1n\u00ed od t\u0159et\u00edch stran a&nbsp;sledovat va\u0161i interakci s&nbsp;t\u00edmto vlo\u017een\u00fdm obsahem, v\u010detn\u011b sledov\u00e1n\u00ed interakce s&nbsp;vlo\u017een\u00fdm obsahem, pokud m\u00e1te \u00fa\u010det a&nbsp;jste p\u0159ihl\u00e1\u0161eni na&nbsp;danou webovou str\u00e1nku.<\/p>\n<h3>Analytika (opr\u00e1vn\u011bn\u00fd z\u00e1jem)<\/h3>\n<p>Vyu\u017e\u00edv\u00e1me slu\u017eeb Google Analytics pro anonymn\u00ed anal\u00fdzu chov\u00e1n\u00ed u\u017eivatel\u016f na\u0161ich webov\u00fdch str\u00e1nek, abychom mohli naj\u00edt a&nbsp;opravit chyby v&nbsp;u\u017eivatelsk\u00e9m rozhran\u00ed. Tato aplikace m\u016f\u017ee vyu\u017e\u00edvat cookies k&nbsp;mapov\u00e1n\u00ed va\u0161eho pohybu na&nbsp;na\u0161ich webov\u00fdch str\u00e1nk\u00e1ch. V\u00edce informac\u00ed naleznete na&nbsp;str\u00e1nk\u00e1ch slu\u017eby https:\/\/www.google.com\/analytics\/learn\/privacy.html?hl=cs<\/p>\n<h2>Jak dlouho uchov\u00e1v\u00e1me va\u0161e \u00fadaje<\/h2>\n<p>Pokud p\u0159id\u00e1te koment\u00e1\u0159, koment\u00e1\u0159 a&nbsp;jeho metadata budou uchov\u00e1v\u00e1na po&nbsp;dobu neur\u010ditou. \u00dadaje jsou uchov\u00e1v\u00e1ny za&nbsp;\u00fa\u010delem automatick\u00e9ho rozpozn\u00e1n\u00ed a&nbsp;schv\u00e1len\u00ed v\u0161ech n\u00e1sledn\u00fdch koment\u00e1\u0159\u016f, m\u00edsto jejich dr\u017een\u00ed ve front\u011b moderov\u00e1n\u00ed.<\/p>\n<p>Pro u\u017eivatele, kte\u0159\u00ed se registruj\u00ed na&nbsp;tomto webu (pokud maj\u00ed tuto mo\u017enost), ukl\u00e1d\u00e1me tak\u00e9 osobn\u00ed \u00fadaje, kter\u00e9 uv\u00e1d\u011bj\u00ed ve sv\u00e9m u\u017eivatelsk\u00e9m profilu. V\u0161ichni u\u017eivatel\u00e9 mohou kdykoliv vid\u011bt, upravovat nebo smazat sv\u00e9 osobn\u00ed \u00fadaje (s&nbsp;v\u00fdjimkou toho, \u017ee nemohou zm\u011bnit sv\u00e9 u\u017eivatelsk\u00e9 jm\u00e9no). Administr\u00e1to\u0159i webu mohou tak\u00e9 tyto informace zobrazit a&nbsp;upravovat.<\/p>\n<h2>Jak\u00e9 m\u00e1te pr\u00e1va?<\/h2>\n<p>Pokud m\u00e1te na&nbsp;tomto webu \u00fa\u010det nebo jste zde p\u0159idali koment\u00e1\u0159e, m\u016f\u017eete po\u017e\u00e1dat o&nbsp;obdr\u017een\u00ed souboru s&nbsp;exportem osobn\u00edch \u00fadaj\u016f, kter\u00e9 o&nbsp;v\u00e1s uchov\u00e1v\u00e1me, v\u010detn\u011b v\u0161ech \u00fadaj\u016f, kter\u00e9 jste n\u00e1m poskytli. M\u016f\u017eete tak\u00e9 po\u017e\u00e1dat o&nbsp;odstran\u011bn\u00ed ve\u0161ker\u00fdch osobn\u00edch \u00fadaj\u016f, kter\u00e9 o&nbsp;v\u00e1s uchov\u00e1v\u00e1me. Tato mo\u017enost nezahrnuje \u00fadaje, kter\u00e9 jsme povinni uchov\u00e1vat z&nbsp;administrativn\u00edch, pr\u00e1vn\u00edch nebo bezpe\u010dnostn\u00edch d\u016fvod\u016f.<\/p>\n<h2>Kontaktn\u00ed \u00fadaje<\/h2>\n<p>Pokud m\u00e1te ot\u00e1zku ohledn\u011b p\u0159\u00edstupu nebo oprav\u011b va\u0161ich osobn\u00edch dat, pros\u00edm,\u00a0<a href=\"\/kontakty\/\" target=\"_blank\" rel=\"noopener noreferrer\">kontaktujte n\u00e1s<\/a>.<\/p>\n","protected":false},"excerpt":{"rendered":"<p>Ochrana va\u0161ich osobn\u00edch \u00fadaj\u016f je pro n\u00e1s velmi d\u016fle\u017eit\u00e1, a&nbsp;proto pln\u011b prob\u00edh\u00e1 v&nbsp;souladu s&nbsp;Obecn\u00fdm na\u0159\u00edzen\u00edm o&nbsp;ochran\u011b osobn\u00edch \u00fadaj\u016f \u2013 Na\u0159\u00edzen\u00edm Evropsk\u00e9ho parlamentu a&nbsp;rady (EU) 2016\/679 ze&nbsp;dne 27.4.2016. Obavy m\u00edt nemus\u00edte. Va\u0161e \u00fadaje jsou u&nbsp;n\u00e1s v&nbsp;bezpe\u010d\u00ed a&nbsp;nebudou nikdy poskytnuty t\u0159et\u00ed stran\u011b. Kdo bude shroma\u017e\u010fovat va\u0161e osobn\u00ed \u00fadaje? Spole\u010dnost Protronix s.r.o., I\u010c: 25962264 (d\u00e1le jen Protronix). Ochrana&#8230;<\/p>\n","protected":false},"author":4,"featured_media":0,"parent":0,"menu_order":0,"comment_status":"closed","ping_status":"closed","template":"","meta":{"footnotes":""},"class_list":["post-11027","page","type-page","status-publish","hentry"],"acf":[],"_links":{"self":[{"href":"https:\/\/cidladev.mh370.cz\/cs\/wp-json\/wp\/v2\/pages\/11027","targetHints":{"allow":["GET"]}}],"collection":[{"href":"https:\/\/cidladev.mh370.cz\/cs\/wp-json\/wp\/v2\/pages"}],"about":[{"href":"https:\/\/cidladev.mh370.cz\/cs\/wp-json\/wp\/v2\/types\/page"}],"author":[{"embeddable":true,"href":"https:\/\/cidladev.mh370.cz\/cs\/wp-json\/wp\/v2\/users\/4"}],"replies":[{"embeddable":true,"href":"https:\/\/cidladev.mh370.cz\/cs\/wp-json\/wp\/v2\/comments?post=11027"}],"version-history":[{"count":0,"href":"https:\/\/cidladev.mh370.cz\/cs\/wp-json\/wp\/v2\/pages\/11027\/revisions"}],"wp:attachment":[{"href":"https:\/\/cidladev.mh370.cz\/cs\/wp-json\/wp\/v2\/media?parent=11027"}],"curies":[{"name":"wp","href":"https:\/\/api.w.org\/{rel}","templated":true}]}}