{"id":11030,"date":"2024-11-07T08:37:04","date_gmt":"2024-11-07T07:37:04","guid":{"rendered":"http:\/\/cidladev.mh370.cz\/?page_id=11030"},"modified":"2024-11-07T08:43:59","modified_gmt":"2024-11-07T07:43:59","slug":"obchodni-podminky","status":"publish","type":"page","link":"https:\/\/cidladev.mh370.cz\/cs\/obchodni-podminky\/","title":{"rendered":"Obchodn\u00ed podm\u00ednky"},"content":{"rendered":"<h2>I. Z\u00e1kladn\u00ed ustanoven\u00ed<\/h2>\n<p>1. Tyto obchodn\u00ed podm\u00ednky (d\u00e1le jen OP) upravuj\u00ed obchodn\u00ed vztahy mezi spole\u010dnost\u00ed Protronix s.r.o. se s\u00eddlem Chrudim, Pardubick\u00e1 177, PS\u010c 537&nbsp;01, identifika\u010dn\u00ed \u010d\u00edslo 259&nbsp;62&nbsp;264, zapsan\u00e9 o&nbsp;obchodn\u00edm rejst\u0159\u00edku veden\u00e9m Krajsk\u00fdm soudem v&nbsp;Hradci Kr\u00e1lov\u00e9 odd\u00edl C, vlo\u017eka 17734 a&nbsp;jej\u00edmi z\u00e1kazn\u00edky (d\u00e1le jen kupuj\u00edc\u00ed) uzav\u0159en\u00e9 podle p\u0159\u00edslu\u0161n\u00fdch ustanoven\u00ed z\u00e1kona \u010d\u00edslo 89\/2012 Sb., ob\u010dansk\u00e9ho z\u00e1kon\u00edku, v&nbsp;platn\u00e9m zn\u011bn\u00ed.<br \/>\n2. OP jsou stran\u00e1m zn\u00e1my a&nbsp;tyto jsou povinny se jimi \u0159\u00eddit, nebo\u0165 jsou ve sv\u00e9m platn\u00e9m zn\u011bn\u00ed zve\u0159ejn\u011bny na&nbsp;webov\u00fdch str\u00e1nk\u00e1ch spole\u010dnosti Protronix s.r.o. (d\u00e1le jen prod\u00e1vaj\u00edc\u00ed) na&nbsp;adrese www.protronix.cz a&nbsp;jsou p\u0159ipojeny k&nbsp;nab\u00eddce prod\u00e1vaj\u00edc\u00edho.<br \/>\n3. K&nbsp;obchodn\u00edm podm\u00ednk\u00e1m kupuj\u00edc\u00edho se nep\u0159ihl\u00ed\u017e\u00ed.<\/p>\n<h2>II. Uzav\u0159en\u00ed smlouvy<\/h2>\n<p>1. N\u00e1vrh na&nbsp;uzav\u0159en\u00ed smlouvy (d\u00e1le jen nab\u00eddka) mus\u00ed obsahovat \u0159\u00e1dnou identifikaci toho, kdo ji \u010din\u00ed a&nbsp;mus\u00ed z&nbsp;n\u00ed b\u00fdt z\u0159ejm\u00e9, \u017ee ten, kdo ji \u010din\u00ed, m\u00e1 \u00famysl uzav\u0159\u00edt smlouvu s&nbsp;prod\u00e1vaj\u00edc\u00edm.<br \/>\n2. Nab\u00eddkou se rozum\u00ed objedn\u00e1vka.<br \/>\n3. Objedn\u00e1vku lze u\u010dinit p\u00edsemn\u011b, elektronicky, faxem, telefonicky nebo \u00fastn\u011b. Telefonicky nebo \u00fastn\u011b u\u010din\u011bn\u00e1 objedn\u00e1vka mus\u00ed b\u00fdt bezodkladn\u011b p\u0159evedena do objedn\u00e1vkov\u00e9ho formul\u00e1\u0159e.<br \/>\n4. Objedn\u00e1vka mus\u00ed obsahovat tyto n\u00e1le\u017eitosti:<br \/>\na) \u0159\u00e1dnou identifikaci stran<br \/>\nb) p\u0159edm\u011bt smlouvy, tedy p\u0159esnou specifikaci objednan\u00e9ho<br \/>\nzbo\u017e\u00ed zejm\u00e9na s&nbsp;uveden\u00edm mno\u017estv\u00ed a&nbsp;objednac\u00edho k\u00f3du, dle kter\u00e9ho lze dohledat technick\u00e9 parametry v&nbsp;odpov\u00eddaj\u00edc\u00edm katalogov\u00e9m listu<br \/>\nc) term\u00edn dod\u00e1n\u00ed objednan\u00e9ho zbo\u017e\u00ed<br \/>\nd) m\u00edsto dod\u00e1n\u00ed objednan\u00e9ho zbo\u017e\u00ed v\u010detn\u011b v\u00fd\u0161e \u00fahrady za&nbsp;p\u0159epravu objednan\u00e9ho zbo\u017e\u00ed<br \/>\ne) stanoven\u00ed ceny objednan\u00e9ho zbo\u017e\u00ed a&nbsp;zp\u016fsob jej\u00ed \u00fahrady<br \/>\nf) datum<br \/>\n5. Je-li objedn\u00e1vka odm\u00edtnuta, zanik\u00e1 \u00fa\u010dinnost\u00ed odm\u00edtnut\u00ed.<br \/>\n6. K&nbsp;uzav\u0159en\u00ed smlouvy dojde:<br \/>\na) Na&nbsp;z\u00e1klad\u011b \u0159\u00e1dn\u011b uzav\u0159en\u00e9 kupn\u00ed smlouvy.<br \/>\nb) Akceptac\u00ed p\u0159ijat\u00e9 objedn\u00e1vky u\u010din\u011bn\u00e9 v\u016f\u010di kupuj\u00edc\u00edmu.<br \/>\nAkceptace s&nbsp;dodatkem nebo odchylkou, kter\u00e1 podstatn\u011b nem\u011bn\u00ed podm\u00ednky nab\u00eddky, se pova\u017euje za&nbsp;p\u0159ijet\u00ed nab\u00eddky, pokud ji kupuj\u00edc\u00ed bez zbyte\u010dn\u00e9ho odkladu neodm\u00edtne.<br \/>\n7. Uzav\u0159en\u00edm kupn\u00ed smlouvy se prod\u00e1vaj\u00edc\u00ed zavazuje, \u017ee kupuj\u00edc\u00edmu odevzd\u00e1 v\u011bc, kter\u00e1 je p\u0159edm\u011btem koup\u011b, a&nbsp;umo\u017en\u00ed mu nab\u00fdt vlastnick\u00e9 pr\u00e1vo k&nbsp;n\u00ed, a&nbsp;kupuj\u00edc\u00ed se zavazuje, \u017ee v\u011bc p\u0159evezme a&nbsp;zaplat\u00ed prod\u00e1vaj\u00edc\u00edmu kupn\u00ed cenu.<\/p>\n<h2>III. Platebn\u00ed podm\u00ednky, sank\u010dn\u00ed ujedn\u00e1n\u00ed<\/h2>\n<p>1. Kupuj\u00edc\u00ed je povinen uhradit kupn\u00ed cenu dohodnut\u00fdm zp\u016fsobem v&nbsp;term\u00ednu splatnosti stanoven\u00e9m v&nbsp;kupn\u00ed smlouv\u011b nebo v&nbsp;term\u00ednu splatnost\u00ed uveden\u00e9m v&nbsp;\u0159\u00e1dn\u011b vystaven\u00e9m da\u0148ov\u00e9m dokladu anebo p\u0159i&nbsp;p\u0159evzet\u00ed v\u011bci.<br \/>\n2. N\u00e1klady spojen\u00e9 s&nbsp;p\u0159epravou objednan\u00e9ho zbo\u017e\u00ed hrad\u00ed v&nbsp;dohodnut\u00e9 v\u00fd\u0161i kupuj\u00edc\u00ed.<br \/>\n3. Pokud se kupuj\u00edc\u00ed dostane do prodlen\u00ed s&nbsp;\u00fahradou kupn\u00ed ceny je povinen platit sjednanou v\u00fd\u0161i \u00faroku z&nbsp;prodlen\u00ed, kter\u00e1 \u010din\u00ed 0,5&nbsp;% denn\u011b z&nbsp;dlu\u017en\u00e9 \u010d\u00e1stky do zaplacen\u00ed.<\/p>\n<h2>IV. P\u0159echod nebezpe\u010d\u00ed \u0161kody<\/h2>\n<p>1. Na&nbsp;kupuj\u00edc\u00edho p\u0159ech\u00e1z\u00ed nebezpe\u010d\u00ed \u0161kody na&nbsp;objednan\u00e9 v\u011bci sou\u010dasn\u011b s&nbsp;nabyt\u00edm vlastnick\u00e9ho pr\u00e1va.<br \/>\n2. Kupuj\u00edc\u00ed nabude vlastnick\u00e9 pr\u00e1vo k&nbsp;objednan\u00e9 v\u011bci jej\u00edm odevzd\u00e1n\u00edm. M\u00e1-li prod\u00e1vaj\u00edc\u00ed dle kupn\u00ed smlouvy v\u011bc odeslat, odevzd\u00e1 v\u011bc kupuj\u00edc\u00edmu jej\u00edm p\u0159ed\u00e1n\u00edm prvn\u00edmu dopravci k&nbsp;p\u0159eprav\u011b pro kupuj\u00edc\u00edho a&nbsp;umo\u017en\u00ed kupuj\u00edc\u00edmu uplatnit pr\u00e1va z&nbsp;p\u0159epravn\u00ed smlouvy v\u016f\u010di dopravci. \u00da\u010dinky odevzd\u00e1n\u00ed nastanou p\u0159ed\u00e1n\u00edm od dopravce.<\/p>\n<h2>V. Pr\u00e1va z&nbsp;vadn\u00e9ho pln\u011bn\u00ed<\/h2>\n<p>1. Prod\u00e1vaj\u00edc\u00ed je zav\u00e1z\u00e1n plnit bez vad s&nbsp;vlastnostmi vym\u00edn\u011bn\u00fdmi nebo obvykl\u00fdmi tak, aby bylo mo\u017eno pou\u017e\u00edt p\u0159edm\u011bt pln\u011bn\u00ed podle smlouvy, a&nbsp;je-li stran\u00e1m zn\u00e1m, i&nbsp;podle \u00fa\u010delu smlouvy.<br \/>\n2. Kupuj\u00edc\u00ed je povinen prohl\u00e9dnout v\u011bc, co nejd\u0159\u00edve po&nbsp;p\u0159echodu nebezpe\u010d\u00ed \u0161kody na&nbsp;v\u011bci a&nbsp;p\u0159esv\u011bd\u010dit se o&nbsp;jejich vlastnostech a&nbsp;mno\u017estv\u00ed. Mechanick\u00e9 vady je povinen uplatnit kupuj\u00edc\u00ed v&nbsp;okam\u017eiku p\u0159ed\u00e1n\u00ed v\u011bci od dopravce. Ostatn\u00ed vady je kupuj\u00edc\u00ed povinen uplatnit u&nbsp;prod\u00e1vaj\u00edc\u00edho p\u00edsemnou formou bezprost\u0159edn\u011b po&nbsp;jejich zji\u0161t\u011bn\u00ed, tedy do t\u0159ech pracovn\u00edch dn\u016f, a&nbsp;sou\u010dasn\u011b v&nbsp;p\u00edsemn\u00e9m uplatn\u011bn\u00ed vady sd\u011bl\u00ed prod\u00e1vaj\u00edc\u00edmu, jak\u00e9 pr\u00e1vo si souvislosti s&nbsp;uplatn\u011bn\u00edm vadn\u00e9ho pln\u011bn\u00ed zvolil.<br \/>\n3. Kupuj\u00edc\u00ed m\u00e1 pr\u00e1vo p\u0159i&nbsp;podstatn\u00e9m poru\u0161en\u00ed smlouvy na:<br \/>\na) odstran\u011bn\u00ed vady dod\u00e1n\u00edm nov\u00e9 v\u011bci bez vady nebo dod\u00e1n\u00ed chyb\u011bj\u00edc\u00ed v\u011bci<br \/>\nb) odstran\u011bn\u00ed vady opravou v\u011bci<br \/>\nc) p\u0159im\u011b\u0159enou slevu z&nbsp;kupn\u00ed ceny nebo<br \/>\nd) odstoupen\u00ed od smlouvy.<br \/>\nProvedenou volbu nem\u016f\u017ee kupuj\u00edc\u00ed zm\u011bnit bez souhlasu prod\u00e1vaj\u00edc\u00edho, to neplat\u00ed, \u017e\u00e1d\u00e1-li kupuj\u00edc\u00ed opravu vady, kter\u00e1 se uk\u00e1\u017ee jako neopraviteln\u00e1.<br \/>\n4. P\u0159i&nbsp;nepodstatn\u00e9m poru\u0161en\u00ed smlouvy, m\u00e1 kupuj\u00edc\u00ed pr\u00e1vo na&nbsp;odstran\u011bn\u00ed vady, anebo na&nbsp;p\u0159im\u011b\u0159enou slevu z&nbsp;kupn\u00ed ceny.<\/p>\n<h2>VI. Z\u00e1ruka za&nbsp;jakost<\/h2>\n<p>1. Prod\u00e1vaj\u00edc\u00ed poskytuje z\u00e1ruku na&nbsp;zbo\u017e\u00ed v&nbsp;trv\u00e1n\u00ed 24 m\u011bs\u00edc\u016f.<br \/>\n2. Z\u00e1ru\u010dn\u00ed doba b\u011b\u017e\u00ed od odevzd\u00e1n\u00ed v\u011bci kupuj\u00edc\u00edmu.<br \/>\n3. Kupuj\u00edc\u00ed je povinen uplatnit pr\u00e1va z&nbsp;vady u&nbsp;prod\u00e1vaj\u00edc\u00edho p\u00edsemnou formou a&nbsp;to bezprost\u0159edn\u011b po&nbsp;jejich zji\u0161t\u011bn\u00ed, tedy do t\u0159ech pracovn\u00edch dn\u016f.<br \/>\n4. Prod\u00e1vaj\u00edc\u00ed potvrd\u00ed kupuj\u00edc\u00edmu okam\u017eik uplatn\u011bn\u00ed vady, od kter\u00e9ho mu b\u011b\u017e\u00ed lh\u016fta k&nbsp;jej\u00edmu vy\u0159\u00edzen\u00ed, kter\u00e1 \u010din\u00ed 30 dn\u016f, maxim\u00e1ln\u011b 60 dn\u016f u&nbsp;komplikovan\u00fdch v\u011bc\u00ed.<br \/>\n5. Kupuj\u00edc\u00ed je povinen u\u017e\u00edvat p\u0159edm\u011bt smlouvy pln\u011b v&nbsp;souladu s&nbsp;pokyny prod\u00e1vaj\u00edc\u00edho, je povinen respektovat ve\u0161ker\u00e9 postupy stanoven\u00e9 v&nbsp;n\u00e1vodu na&nbsp;pou\u017eit\u00ed v\u011bci, v\u011bc u\u017e\u00edvat v&nbsp;souladu s&nbsp;\u00fa\u010delem, ke kter\u00e9mu je ur\u010dena, jinak se pova\u017euje jeho reklamace za&nbsp;neopr\u00e1vn\u011bn\u011b uplatn\u011bnou.<br \/>\n6. N\u00e1klady spojen\u00e9 s&nbsp;opr\u00e1vn\u011bn\u011b uplatn\u011bnou reklamac\u00ed jdou k&nbsp;t\u00ed\u017ei prod\u00e1vaj\u00edc\u00edho, n\u00e1klady spojen\u00e9 s&nbsp;neopr\u00e1vn\u011bn\u011b uplatn\u011bnou reklamac\u00ed jdou pln\u011b k&nbsp;t\u00ed\u017ei kupuj\u00edc\u00edho.<\/p>\n<h2>VII. Z\u00e1v\u011bre\u010dn\u00e1 ustanoven\u00ed<\/h2>\n<p>1. Ve\u0161ker\u00e9 p\u0159\u00edpadn\u011b vznikl\u00e9 spory z&nbsp;obchodn\u00edho vztahu budou \u0159e\u0161eny p\u0159edev\u0161\u00edm sm\u00edrnou cestou, jinak v\u011bcn\u011b p\u0159\u00edslu\u0161n\u00fdch soudem dle s\u00eddla prod\u00e1vaj\u00edc\u00edho.<br \/>\n2. Odchyln\u00e1 ujedn\u00e1n\u00ed ve smlouv\u011b maj\u00ed p\u0159ednost p\u0159ed zn\u011bn\u00edm t\u011bchto obchodn\u00edch podm\u00ednek.<br \/>\n3. Pr\u00e1va a&nbsp;povinnosti neupraven\u00e9 v&nbsp;kupn\u00ed smlouv\u011b a&nbsp;t\u011bchto OP se budou \u0159\u00eddit p\u0159\u00edslu\u0161n\u00fdmi pr\u00e1vn\u00edmi p\u0159edpisy, zejm\u00e9na z\u00e1konem \u010d\u00edslo 89\/2012 Sb., ob\u010dansk\u00e9ho z\u00e1kon\u00edku, v&nbsp;platn\u00e9m zn\u011bn\u00ed.<\/p>\n<p>V&nbsp;Chrudimi, dne 26.&nbsp;11.&nbsp;2018<\/p>\n<p><a target=\"_blank\" class=\"button\" href=\"\/wp-content\/uploads\/2024\/11\/Obchodni-podminky.pdf\">St\u00e1hn\u011bte si obchodn\u00ed podm\u00ednky v pdf<\/a><\/p>\n","protected":false},"excerpt":{"rendered":"<p>I. Z\u00e1kladn\u00ed ustanoven\u00ed 1. Tyto obchodn\u00ed podm\u00ednky (d\u00e1le jen OP) upravuj\u00ed obchodn\u00ed vztahy mezi spole\u010dnost\u00ed Protronix s.r.o. se s\u00eddlem Chrudim, Pardubick\u00e1 177, PS\u010c 537&nbsp;01, identifika\u010dn\u00ed \u010d\u00edslo 259&nbsp;62&nbsp;264, zapsan\u00e9 o&nbsp;obchodn\u00edm rejst\u0159\u00edku veden\u00e9m Krajsk\u00fdm soudem v&nbsp;Hradci Kr\u00e1lov\u00e9 odd\u00edl C, vlo\u017eka 17734 a&nbsp;jej\u00edmi z\u00e1kazn\u00edky (d\u00e1le jen kupuj\u00edc\u00ed) uzav\u0159en\u00e9 podle p\u0159\u00edslu\u0161n\u00fdch ustanoven\u00ed z\u00e1kona \u010d\u00edslo 89\/2012 Sb., ob\u010dansk\u00e9ho z\u00e1kon\u00edku, v&nbsp;platn\u00e9m&#8230;<\/p>\n","protected":false},"author":4,"featured_media":0,"parent":0,"menu_order":0,"comment_status":"closed","ping_status":"closed","template":"","meta":{"footnotes":""},"class_list":["post-11030","page","type-page","status-publish","hentry"],"acf":[],"_links":{"self":[{"href":"https:\/\/cidladev.mh370.cz\/cs\/wp-json\/wp\/v2\/pages\/11030","targetHints":{"allow":["GET"]}}],"collection":[{"href":"https:\/\/cidladev.mh370.cz\/cs\/wp-json\/wp\/v2\/pages"}],"about":[{"href":"https:\/\/cidladev.mh370.cz\/cs\/wp-json\/wp\/v2\/types\/page"}],"author":[{"embeddable":true,"href":"https:\/\/cidladev.mh370.cz\/cs\/wp-json\/wp\/v2\/users\/4"}],"replies":[{"embeddable":true,"href":"https:\/\/cidladev.mh370.cz\/cs\/wp-json\/wp\/v2\/comments?post=11030"}],"version-history":[{"count":0,"href":"https:\/\/cidladev.mh370.cz\/cs\/wp-json\/wp\/v2\/pages\/11030\/revisions"}],"wp:attachment":[{"href":"https:\/\/cidladev.mh370.cz\/cs\/wp-json\/wp\/v2\/media?parent=11030"}],"curies":[{"name":"wp","href":"https:\/\/api.w.org\/{rel}","templated":true}]}}