{"id":15,"date":"2024-09-16T13:29:57","date_gmt":"2024-09-16T11:29:57","guid":{"rendered":"http:\/\/cidladev.mh370.cz\/?page_id=15"},"modified":"2025-08-15T13:41:21","modified_gmt":"2025-08-15T11:41:21","slug":"o-nas","status":"publish","type":"page","link":"https:\/\/cidladev.mh370.cz\/cs\/o-nas\/","title":{"rendered":"O n\u00e1s"},"content":{"rendered":"<div class=\"gdc_row\">\n<div class=\"gdc_column gdc_chalf\">\n<div class=\"gdc_inner\">\n<h4>Precizn\u00ed \u010didla pro zdrav\u00fd vzduch: M\u011b\u0159\u00edme, na&nbsp;\u010dem z\u00e1le\u017e\u00ed<\/h4>\n<p>Navrhujeme a&nbsp;vyr\u00e1b\u00edme chytr\u00e1 \u010didla kvality vzduchu. Pe\u010dliv\u011b db\u00e1me na&nbsp;ka\u017ed\u00fd detail, abychom v\u00e1m p\u0159inesli spolehliv\u00e9 m\u011b\u0159en\u00ed a&nbsp;umo\u017enili v\u00e1m inteligentn\u011b \u0159\u00eddit ventila\u010dn\u00ed syst\u00e9my.<\/p>\n<h4>Pro\u010d se soust\u0159ed\u00edme na&nbsp;kvalitu vnit\u0159n\u00edho vzduchu?<\/h4>\n<p>Jsme naz\u00fdv\u00e1ni &#8222;indoor generation&#8220;, tr\u00e1v\u00edme drtivou v\u011bt\u0161inu sv\u00e9ho \u017eivota uvnit\u0159. Kdy\u017e se zamysl\u00edte, v\u00edce ne\u017e 20 hodin denn\u011b d\u00fdch\u00e1me vzduch uvnit\u0159 m\u00edstnost\u00ed!<\/p>\n<p>Proto pova\u017eujeme zdrav\u00e9 a&nbsp;pohodln\u00e9 vnit\u0159n\u00ed prost\u0159ed\u00ed za&nbsp;kl\u00ed\u010dov\u00e9 pro na\u0161e zdrav\u00ed, v\u00fdkonnost a&nbsp;celkovou pohodu.<\/p>\n<\/div>\n<\/div>\n<div class=\"gdc_column gdc_chalf\">\n<div class=\"gdc_inner\">\n<img loading=\"lazy\" decoding=\"async\" class=\"alignnone size-full wp-image-11331\" src=\"https:\/\/www.cidla.cz\/wp-content\/uploads\/2025\/08\/Protronix-Schody-scaled.jpg\" alt=\"Kancel\u00e1\u0159e firmy Protronix s lidmi co nesou v\u011bci. Logo na zdi a n\u00e1pis &quot;M\u011b\u0159\u00edme, na \u010dem z\u00e1le\u017e\u00ed&quot;\" width=\"2560\" height=\"1918\" srcset=\"https:\/\/cidladev.mh370.cz\/wp-content\/uploads\/2025\/08\/Protronix-Schody-scaled.jpg 2560w, https:\/\/cidladev.mh370.cz\/wp-content\/uploads\/2025\/08\/Protronix-Schody-300x225.jpg 300w, https:\/\/cidladev.mh370.cz\/wp-content\/uploads\/2025\/08\/Protronix-Schody-1600x1199.jpg 1600w, https:\/\/cidladev.mh370.cz\/wp-content\/uploads\/2025\/08\/Protronix-Schody-768x575.jpg 768w, https:\/\/cidladev.mh370.cz\/wp-content\/uploads\/2025\/08\/Protronix-Schody-1536x1151.jpg 1536w, https:\/\/cidladev.mh370.cz\/wp-content\/uploads\/2025\/08\/Protronix-Schody-2048x1534.jpg 2048w\" sizes=\"auto, (max-width: 2560px) 100vw, 2560px\" \/>\n<\/div>\n<\/div>\n<\/div>\n<div class=\"gdc_row\">\n<div class=\"gdc_column gdc_chalf\">\n<div class=\"gdc_inner\">\n<img loading=\"lazy\" decoding=\"async\" class=\"alignnone size-full wp-image-11323\" src=\"https:\/\/www.cidla.cz\/wp-content\/uploads\/2025\/08\/Protronix-Certifikaty.jpg\" alt=\"\" width=\"2560\" height=\"1440\" srcset=\"https:\/\/cidladev.mh370.cz\/wp-content\/uploads\/2025\/08\/Protronix-Certifikaty.jpg 2560w, https:\/\/cidladev.mh370.cz\/wp-content\/uploads\/2025\/08\/Protronix-Certifikaty-300x169.jpg 300w, https:\/\/cidladev.mh370.cz\/wp-content\/uploads\/2025\/08\/Protronix-Certifikaty-1600x900.jpg 1600w, https:\/\/cidladev.mh370.cz\/wp-content\/uploads\/2025\/08\/Protronix-Certifikaty-768x432.jpg 768w, https:\/\/cidladev.mh370.cz\/wp-content\/uploads\/2025\/08\/Protronix-Certifikaty-1536x864.jpg 1536w, https:\/\/cidladev.mh370.cz\/wp-content\/uploads\/2025\/08\/Protronix-Certifikaty-2048x1152.jpg 2048w\" sizes=\"auto, (max-width: 2560px) 100vw, 2560px\" \/>\n<\/div>\n<\/div>\n<div class=\"gdc_column gdc_chalf\">\n<div class=\"gdc_inner\">\n<h4>Jak jsme za\u010d\u00ednali<\/h4>\n<p>Na\u0161e cesta za\u010dala v\u00fdvojem \u0159\u00eddic\u00ed elektroniky pro ventila\u010dn\u00ed syst\u00e9my. Jednoho dne n\u00e1m do\u0161lo, \u017ee skute\u010dn\u011b efektivn\u00ed v\u011btr\u00e1n\u00ed pot\u0159ebuje reagovat na&nbsp;aktu\u00e1ln\u00ed kvalitu vzduchu, ne na&nbsp;p\u0159ednastaven\u00e9 \u010dasov\u00e9 pl\u00e1ny nebo odhady. Zkr\u00e1tka v\u011btrat jen tehdy, kdy je to pot\u0159eba, a&nbsp;s&nbsp;takov\u00fdm v\u00fdkonem, jak\u00fd situace vy\u017eaduje.<\/p>\n<p>NA\u0160E MOTTO: \u0160pi\u010dkov\u00e1 \u010didla pro efektivn\u00ed v\u011btr\u00e1n\u00ed.<\/p>\n<p>V&nbsp;praxi jsme \u010dasto vid\u011bli, jak ventila\u010dn\u00ed syst\u00e9my b\u011b\u017e\u00ed bu\u010f napr\u00e1zdno, nebo nedostate\u010dn\u011b. To n\u00e1s motivovalo vyvinout prvn\u00ed \u010didla CO\u2082 a&nbsp;relativn\u00ed vlhkosti.<\/p>\n<p>Dnes m\u00e1me na&nbsp;v\u00fdb\u011br p\u0159es 60 typ\u016f spolehliv\u00fdch \u010didel, kter\u00e1 pom\u00e1haj\u00ed realizovat \u00fasp\u011b\u0161n\u00e9 projekty a&nbsp;zvy\u0161uj\u00ed komfort v&nbsp;r\u016fzn\u00fdch prost\u0159ed\u00edch.<\/p>\n<\/div>\n<\/div>\n<\/div>\n<h4>Zaj\u00edmaj\u00ed v\u00e1s \u010didla na&nbsp;m\u00edru?<\/h4>\n<p>\u010cidla jen nevyr\u00e1b\u00edme, ov\u0161em i&nbsp;p\u0159\u00edmo vyv\u00edj\u00edme. Pokud m\u00e1te po\u017eadavek na&nbsp;speci\u00e1ln\u00ed projekt \u010di&nbsp;funkci, r\u00e1di se s&nbsp;v\u00e1mi pobav\u00edme o&nbsp;mo\u017enostech \u00fapravy na\u0161ich produkt\u016f tak, aby vyhovovaly zad\u00e1n\u00ed.<\/p>\n<p>Pokud m\u00e1te z\u00e1jem o&nbsp;\u00fapravu produktu na&nbsp;m\u00edru nebo v\u00fdvoj nov\u00e9ho produktu, dejte n\u00e1m v\u011bd\u011bt &#8211; ud\u011bl\u00e1me pro v\u00e1s maximum!<\/p>\n<h4 style=\"text-align: left;\">Jak \u0161el \u010das<\/h4>\n<p>Za\u010dali jsme s&nbsp;mozkem (\u0159\u00eddic\u00ed elektronikou) pro ventila\u010dn\u00ed jednotky. A&nbsp;pak jsme tak\u00e9 pot\u0159ebovali nejen \u0159\u00eddit ventilaci, ov\u0161em i&nbsp;n\u011bjak\u00fdm zp\u016fsobem m\u011b\u0159it kvalitu vzduchu a&nbsp;podle toho v\u011btrat. Pustili jsme se proto do v\u00fdvoje prvn\u00edch \u010didel CO\u2082 a&nbsp;vlhkosti. U&nbsp;prvn\u00edch \u010didel jsme se pot\u00fdkali s&nbsp;p\u0159esnost\u00ed a&nbsp;stabilitou m\u011b\u0159en\u00ed.<\/p>\n<p><img loading=\"lazy\" decoding=\"async\" class=\"alignnone size-full wp-image-11322\" src=\"https:\/\/www.cidla.cz\/wp-content\/uploads\/2025\/08\/Protronix-Timeline.jpg\" alt=\"\" width=\"2560\" height=\"700\" srcset=\"https:\/\/cidladev.mh370.cz\/wp-content\/uploads\/2025\/08\/Protronix-Timeline.jpg 2560w, https:\/\/cidladev.mh370.cz\/wp-content\/uploads\/2025\/08\/Protronix-Timeline-300x82.jpg 300w, https:\/\/cidladev.mh370.cz\/wp-content\/uploads\/2025\/08\/Protronix-Timeline-1600x438.jpg 1600w, https:\/\/cidladev.mh370.cz\/wp-content\/uploads\/2025\/08\/Protronix-Timeline-768x210.jpg 768w, https:\/\/cidladev.mh370.cz\/wp-content\/uploads\/2025\/08\/Protronix-Timeline-1536x420.jpg 1536w, https:\/\/cidladev.mh370.cz\/wp-content\/uploads\/2025\/08\/Protronix-Timeline-2048x560.jpg 2048w\" sizes=\"auto, (max-width: 2560px) 100vw, 2560px\" \/><\/p>\n","protected":false},"excerpt":{"rendered":"<p>Zaj\u00edmaj\u00ed v\u00e1s \u010didla na&nbsp;m\u00edru? \u010cidla jen nevyr\u00e1b\u00edme, ov\u0161em i&nbsp;p\u0159\u00edmo vyv\u00edj\u00edme. Pokud m\u00e1te po\u017eadavek na&nbsp;speci\u00e1ln\u00ed projekt \u010di&nbsp;funkci, r\u00e1di se s&nbsp;v\u00e1mi pobav\u00edme o&nbsp;mo\u017enostech \u00fapravy na\u0161ich produkt\u016f tak, aby vyhovovaly zad\u00e1n\u00ed. Pokud m\u00e1te z\u00e1jem o&nbsp;\u00fapravu produktu na&nbsp;m\u00edru nebo v\u00fdvoj nov\u00e9ho produktu, dejte n\u00e1m v\u011bd\u011bt &#8211; ud\u011bl\u00e1me pro v\u00e1s maximum! Jak \u0161el \u010das Za\u010dali jsme s&nbsp;mozkem (\u0159\u00eddic\u00ed elektronikou) pro&#8230;<\/p>\n","protected":false},"author":4,"featured_media":0,"parent":0,"menu_order":0,"comment_status":"closed","ping_status":"closed","template":"","meta":{"footnotes":""},"class_list":["post-15","page","type-page","status-publish","hentry"],"acf":[],"_links":{"self":[{"href":"https:\/\/cidladev.mh370.cz\/cs\/wp-json\/wp\/v2\/pages\/15","targetHints":{"allow":["GET"]}}],"collection":[{"href":"https:\/\/cidladev.mh370.cz\/cs\/wp-json\/wp\/v2\/pages"}],"about":[{"href":"https:\/\/cidladev.mh370.cz\/cs\/wp-json\/wp\/v2\/types\/page"}],"author":[{"embeddable":true,"href":"https:\/\/cidladev.mh370.cz\/cs\/wp-json\/wp\/v2\/users\/4"}],"replies":[{"embeddable":true,"href":"https:\/\/cidladev.mh370.cz\/cs\/wp-json\/wp\/v2\/comments?post=15"}],"version-history":[{"count":0,"href":"https:\/\/cidladev.mh370.cz\/cs\/wp-json\/wp\/v2\/pages\/15\/revisions"}],"wp:attachment":[{"href":"https:\/\/cidladev.mh370.cz\/cs\/wp-json\/wp\/v2\/media?parent=15"}],"curies":[{"name":"wp","href":"https:\/\/api.w.org\/{rel}","templated":true}]}}