{"id":59,"date":"2024-09-17T07:53:36","date_gmt":"2024-09-17T05:53:36","guid":{"rendered":"http:\/\/cidladev.mh370.cz\/?page_id=59"},"modified":"2024-09-17T08:11:36","modified_gmt":"2024-09-17T06:11:36","slug":"caste-dotazy","status":"publish","type":"page","link":"https:\/\/cidladev.mh370.cz\/cs\/caste-dotazy\/","title":{"rendered":"\u010cast\u00e9 dotazy"},"content":{"rendered":"<style>#sp-ea-77 .spcollapsing { height: 0; overflow: hidden; transition-property: height;transition-duration: 300ms;}#sp-ea-77.sp-easy-accordion>.sp-ea-single {margin-bottom: 10px; border: 1px solid #e2e2e2; }#sp-ea-77.sp-easy-accordion>.sp-ea-single>.ea-header a {color: #444;}#sp-ea-77.sp-easy-accordion>.sp-ea-single>.sp-collapse>.ea-body {background: #fff; color: #444;}#sp-ea-77.sp-easy-accordion>.sp-ea-single {background: #eee;}#sp-ea-77.sp-easy-accordion>.sp-ea-single>.ea-header a .ea-expand-icon { float: left; color: #444;font-size: 16px;}<\/style>\n<div id=\"sp_easy_accordion-1726553446\">\n<div id=\"sp-ea-77\" class=\"sp-ea-one sp-easy-accordion\" data-ex-icon=\"minus\" data-col-icon=\"plus\" data-ea-active=\"ea-click\" data-ea-mode=\"vertical\" data-preloader=\"\" data-scroll-active-item=\"\" data-offset-to-scroll=\"0\">\n\t<!-- Start accordion card div. --><\/p>\n<div class=\"ea-card  sp-ea-single\">\n\t\t<!-- Start accordion header. --><\/p>\n<h3 class=\"ea-header\">\n\t\t\t<!-- Add anchor tag for header. --><br \/>\n\t\t\t<a class=\"collapsed\" id=\"ea-header-770\" data-sptoggle=\"spcollapse\" data-sptarget=\"#collapse770\" aria-controls=\"collapse770\" href=\"#\"  aria-expanded=\"false\" tabindex=\"0\"><br \/>\n\t\t\t<i class=\"ea-expand-icon ea-icon-expand-plus\"><\/i> Je mo\u017en\u00e9 p\u0159ipojit v\u00edce senzor\u016f k jednomu vstupu ventila\u010dn\u00ed jednotky?\t\t\t<\/a> <!-- Close anchor tag for header. --><br \/>\n\t\t<\/h3>\n<p>\t<!-- Close header tag. --><br \/>\n\t\t<!-- Start collapsible content div. --><\/p>\n<div class=\"sp-collapse spcollapse spcollapse\" id=\"collapse770\" data-parent=\"#sp-ea-77\" role=\"region\" aria-labelledby=\"ea-header-770\">  <!-- Content div. --><\/p>\n<div class=\"ea-body\">\n<p>Ano, je to mo\u017en\u00e9. Nab\u00edz\u00edme (<a href=\"https:\/\/www.cidla.cz\/produkty\/prislusenstvi-k-cidlum\/slucovac-pro-sum-08\/\" target=\"_blank\" rel=\"noopener\">kombin\u00e1tor analogov\u00e9ho nap\u011b\u0165ov\u00e9ho sign\u00e1lu 0-10 V.<\/a>) K vstupu kombin\u00e1toru lze p\u0159ipojit a\u017e 8 senzor\u016f a v\u00fdstup poskytuje kombinovan\u00fd sign\u00e1l 0-10 V. Nap\u011bt\u00ed na v\u00fdstupu kombin\u00e1toru v\u017edy odpov\u00edd\u00e1 nejvy\u0161\u0161\u00edmu nap\u011bt\u00ed ze v\u0161ech p\u0159ipojen\u00fdch senzor\u016f.<\/p>\n<\/p><\/div>\n<p> <!-- Close content div. -->\n\t\t<\/div>\n<p> <!-- Close collapse div. -->\n\t<\/div>\n<p> <!-- Close card div. --><br \/>\n\t\t<!-- Start accordion card div. --><\/p>\n<div class=\"ea-card  sp-ea-single\">\n\t\t<!-- Start accordion header. --><\/p>\n<h3 class=\"ea-header\">\n\t\t\t<!-- Add anchor tag for header. --><br \/>\n\t\t\t<a class=\"collapsed\" id=\"ea-header-771\" data-sptoggle=\"spcollapse\" data-sptarget=\"#collapse771\" aria-controls=\"collapse771\" href=\"#\"  aria-expanded=\"false\" tabindex=\"0\"><br \/>\n\t\t\t<i class=\"ea-expand-icon ea-icon-expand-plus\"><\/i> M\u016f\u017ee b\u00fdt senzor NL-ECO-CO2 pou\u017eit pro prostory, kter\u00e9 jsou trvale obsazen\u00e9?\t\t\t<\/a> <!-- Close anchor tag for header. --><br \/>\n\t\t<\/h3>\n<p>\t<!-- Close header tag. --><br \/>\n\t\t<!-- Start collapsible content div. --><\/p>\n<div class=\"sp-collapse spcollapse spcollapse\" id=\"collapse771\" data-parent=\"#sp-ea-77\" role=\"region\" aria-labelledby=\"ea-header-771\">  <!-- Content div. --><\/p>\n<div class=\"ea-body\">\n<p>V prostorech, kde ventilace nikdy nedos\u00e1hne hodnoty bl\u00edzk\u00e9 venkovn\u00edmu vzduchu, je nutn\u00e9 vypnout funkci automatick\u00e9 kalibrace pro CO\u2082 senzory. Doporu\u010dujeme pot\u00e9 senzor kalibrovat ka\u017ed\u00e9 2 nebo 3 roky.<\/p>\n<\/p><\/div>\n<p> <!-- Close content div. -->\n\t\t<\/div>\n<p> <!-- Close collapse div. -->\n\t<\/div>\n<p> <!-- Close card div. --><br \/>\n\t\t<!-- Start accordion card div. --><\/p>\n<div class=\"ea-card  sp-ea-single\">\n\t\t<!-- Start accordion header. --><\/p>\n<h3 class=\"ea-header\">\n\t\t\t<!-- Add anchor tag for header. --><br \/>\n\t\t\t<a class=\"collapsed\" id=\"ea-header-772\" data-sptoggle=\"spcollapse\" data-sptarget=\"#collapse772\" aria-controls=\"collapse772\" href=\"#\"  aria-expanded=\"false\" tabindex=\"0\"><br \/>\n\t\t\t<i class=\"ea-expand-icon ea-icon-expand-plus\"><\/i> Jak funguje funkce automatick\u00e9 kalibrace senzor\u016f CO\u2082?\t\t\t<\/a> <!-- Close anchor tag for header. --><br \/>\n\t\t<\/h3>\n<p>\t<!-- Close header tag. --><br \/>\n\t\t<!-- Start collapsible content div. --><\/p>\n<div class=\"sp-collapse spcollapse spcollapse\" id=\"collapse772\" data-parent=\"#sp-ea-77\" role=\"region\" aria-labelledby=\"ea-header-772\">  <!-- Content div. --><\/p>\n<div class=\"ea-body\">\n<p>Senzor neust\u00e1le upravuje svou p\u0159esnost na z\u00e1klad\u011b venkovn\u00edho vzduchu, kde je koncentrace CO<sub>2<\/sub> relativn\u011b konstantn\u00ed na 400 ppm. Pro spr\u00e1vnou funkci automatick\u00e9 kalibrace je nutn\u00e9, aby byl vnit\u0159n\u00ed prostor dostate\u010dn\u011b v\u011btran\u00fd na hodnoty bl\u00edzk\u00e9 venkovn\u00edmu vzduchu alespo\u0148 <strong>jednou za 10 dn\u00ed<\/strong>.<\/p>\n<\/p><\/div>\n<p> <!-- Close content div. -->\n\t\t<\/div>\n<p> <!-- Close collapse div. -->\n\t<\/div>\n<p> <!-- Close card div. --><br \/>\n\t\t<!-- Start accordion card div. --><\/p>\n<div class=\"ea-card  sp-ea-single\">\n\t\t<!-- Start accordion header. --><\/p>\n<h3 class=\"ea-header\">\n\t\t\t<!-- Add anchor tag for header. --><br \/>\n\t\t\t<a class=\"collapsed\" id=\"ea-header-773\" data-sptoggle=\"spcollapse\" data-sptarget=\"#collapse773\" aria-controls=\"collapse773\" href=\"#\"  aria-expanded=\"false\" tabindex=\"0\"><br \/>\n\t\t\t<i class=\"ea-expand-icon ea-icon-expand-plus\"><\/i> P\u0159i jak\u00e9 koncentraci ppm by m\u011bla b\u00fdt ventilace aktivov\u00e1na?\t\t\t<\/a> <!-- Close anchor tag for header. --><br \/>\n\t\t<\/h3>\n<p>\t<!-- Close header tag. --><br \/>\n\t\t<!-- Start collapsible content div. --><\/p>\n<div class=\"sp-collapse spcollapse spcollapse\" id=\"collapse773\" data-parent=\"#sp-ea-77\" role=\"region\" aria-labelledby=\"ea-header-773\">  <!-- Content div. --><\/p>\n<div class=\"ea-body\">\n<p>Americk\u00e1 spole\u010dnost pro vyt\u00e1p\u011bn\u00ed, chlazen\u00ed a klimatizaci (ASHRAE) doporu\u010duje udr\u017eovat koncentraci oxidu uhli\u010dit\u00e9ho (CO\u2082) uvnit\u0159 pod 1 000 ppm, zat\u00edmco v Evrop\u011b se doporu\u010den\u00fd limit li\u0161\u00ed podle zem\u011b; nap\u0159\u00edklad v na\u0161\u00ed zemi je to 1 500 ppm. Ka\u017ed\u00fd \u010dlov\u011bk m\u00e1 r\u016fzn\u00e9 citlivosti na zatuchl\u00fd vzduch, tak\u017ee je nejlep\u0161\u00ed nastavit \u00farove\u0148 aktivace ventilace individu\u00e1ln\u011b; doporu\u010dujeme hodnotu 1 000 ppm.<\/p>\n<\/p><\/div>\n<p> <!-- Close content div. -->\n\t\t<\/div>\n<p> <!-- Close collapse div. -->\n\t<\/div>\n<p> <!-- Close card div. --><br \/>\n\t\t<!-- Start accordion card div. --><\/p>\n<div class=\"ea-card  sp-ea-single\">\n\t\t<!-- Start accordion header. --><\/p>\n<h3 class=\"ea-header\">\n\t\t\t<!-- Add anchor tag for header. --><br \/>\n\t\t\t<a class=\"collapsed\" id=\"ea-header-774\" data-sptoggle=\"spcollapse\" data-sptarget=\"#collapse774\" aria-controls=\"collapse774\" href=\"#\"  aria-expanded=\"false\" tabindex=\"0\"><br \/>\n\t\t\t<i class=\"ea-expand-icon ea-icon-expand-plus\"><\/i> Mus\u00edm kalibrovat senzor?\t\t\t<\/a> <!-- Close anchor tag for header. --><br \/>\n\t\t<\/h3>\n<p>\t<!-- Close header tag. --><br \/>\n\t\t<!-- Start collapsible content div. --><\/p>\n<div class=\"sp-collapse spcollapse spcollapse\" id=\"collapse774\" data-parent=\"#sp-ea-77\" role=\"region\" aria-labelledby=\"ea-header-774\">  <!-- Content div. --><\/p>\n<div class=\"ea-body\">\n<p>V\u0161echny senzory Protronix maj\u00ed vestav\u011bnou automatickou kalibraci, tak\u017ee nen\u00ed t\u0159eba je kalibrovat za norm\u00e1ln\u00edch provozn\u00edch podm\u00ednek. Je nutn\u00e9 v\u011btrat sledovan\u00fd prostor na venkovn\u00ed koncentraci oxidu uhli\u010dit\u00e9ho (CO\u2082) alespo\u0148 jednou za m\u011bs\u00edc. V n\u011bkter\u00fdch prostor\u00e1ch m\u016f\u017ee b\u00fdt automatick\u00e1 kalibrace ne\u017e\u00e1douc\u00ed. Nap\u0159\u00edklad v oblastech, kde se v\u00edno fermentuje nebo pivo zraje, se doporu\u010duje vypnout funkci automatick\u00e9 kalibrace senzoru. Pot\u00e9 se doporu\u010duje kalibrovat ka\u017ed\u00e9 dva a\u017e t\u0159i roky.<\/p>\n<\/p><\/div>\n<p> <!-- Close content div. -->\n\t\t<\/div>\n<p> <!-- Close collapse div. -->\n\t<\/div>\n<p> <!-- Close card div. --><br \/>\n\t\t<!-- Start accordion card div. --><\/p>\n<div class=\"ea-card  sp-ea-single\">\n\t\t<!-- Start accordion header. --><\/p>\n<h3 class=\"ea-header\">\n\t\t\t<!-- Add anchor tag for header. --><br \/>\n\t\t\t<a class=\"collapsed\" id=\"ea-header-775\" data-sptoggle=\"spcollapse\" data-sptarget=\"#collapse775\" aria-controls=\"collapse775\" href=\"#\"  aria-expanded=\"false\" tabindex=\"0\"><br \/>\n\t\t\t<i class=\"ea-expand-icon ea-icon-expand-plus\"><\/i> Jak\u00e9 je vhodn\u00e9 m\u00edsto pro senzor?\t\t\t<\/a> <!-- Close anchor tag for header. --><br \/>\n\t\t<\/h3>\n<p>\t<!-- Close header tag. --><br \/>\n\t\t<!-- Start collapsible content div. --><\/p>\n<div class=\"sp-collapse spcollapse spcollapse\" id=\"collapse775\" data-parent=\"#sp-ea-77\" role=\"region\" aria-labelledby=\"ea-header-775\">  <!-- Content div. --><\/p>\n<div class=\"ea-body\">\n<p>Kde um\u00edstit senzor kvality vzduchu a \u010demu se vyhnout, je zm\u00edn\u011bno v \u010dl\u00e1nku: (5 tip\u016f, kde (ne)um\u00edstit senzor kvality vzduchu)<\/p>\n<\/p><\/div>\n<p> <!-- Close content div. -->\n\t\t<\/div>\n<p> <!-- Close collapse div. -->\n\t<\/div>\n<p> <!-- Close card div. --><br \/>\n\t\t<!-- Start accordion card div. --><\/p>\n<div class=\"ea-card  sp-ea-single\">\n\t\t<!-- Start accordion header. --><\/p>\n<h3 class=\"ea-header\">\n\t\t\t<!-- Add anchor tag for header. --><br \/>\n\t\t\t<a class=\"collapsed\" id=\"ea-header-776\" data-sptoggle=\"spcollapse\" data-sptarget=\"#collapse776\" aria-controls=\"collapse776\" href=\"#\"  aria-expanded=\"false\" tabindex=\"0\"><br \/>\n\t\t\t<i class=\"ea-expand-icon ea-icon-expand-plus\"><\/i> M\u011b\u0159it oxid uhli\u010dit\u00fd (CO\u2082) nebo t\u011bkav\u00e9 organick\u00e9 slou\u010deniny (VOC)?\t\t\t<\/a> <!-- Close anchor tag for header. --><br \/>\n\t\t<\/h3>\n<p>\t<!-- Close header tag. --><br \/>\n\t\t<!-- Start collapsible content div. --><\/p>\n<div class=\"sp-collapse spcollapse spcollapse\" id=\"collapse776\" data-parent=\"#sp-ea-77\" role=\"region\" aria-labelledby=\"ea-header-776\">  <!-- Content div. --><\/p>\n<div class=\"ea-body\">\n<p>Co a v jak\u00e9m prostoru monitorovat je zm\u00edn\u011bno v tomto \u010dl\u00e1nku: (CO<sub>2<\/sub> nen\u00ed hlavn\u00ed zne\u010di\u0161\u0165uj\u00edc\u00ed l\u00e1tkou vnit\u0159n\u00edho vzduchu)<\/p>\n<\/p><\/div>\n<p> <!-- Close content div. -->\n\t\t<\/div>\n<p> <!-- Close collapse div. -->\n\t<\/div>\n<p> <!-- Close card div. --><br \/>\n\t\t<!-- Start accordion card div. --><\/p>\n<div class=\"ea-card  sp-ea-single\">\n\t\t<!-- Start accordion header. --><\/p>\n<h3 class=\"ea-header\">\n\t\t\t<!-- Add anchor tag for header. --><br \/>\n\t\t\t<a class=\"collapsed\" id=\"ea-header-777\" data-sptoggle=\"spcollapse\" data-sptarget=\"#collapse777\" aria-controls=\"collapse777\" href=\"#\"  aria-expanded=\"false\" tabindex=\"0\"><br \/>\n\t\t\t<i class=\"ea-expand-icon ea-icon-expand-plus\"><\/i> Mohu nainstalovat senzor CO\u2082 na strop?\t\t\t<\/a> <!-- Close anchor tag for header. --><br \/>\n\t\t<\/h3>\n<p>\t<!-- Close header tag. --><br \/>\n\t\t<!-- Start collapsible content div. --><\/p>\n<div class=\"sp-collapse spcollapse spcollapse\" id=\"collapse777\" data-parent=\"#sp-ea-77\" role=\"region\" aria-labelledby=\"ea-header-777\">  <!-- Content div. --><\/p>\n<div class=\"ea-body\">\n<p>V z\u00e1sad\u011b je to mo\u017en\u00e9, pokud je v prostoru v\u017edy alespo\u0148 n\u011bjak\u00fd minim\u00e1ln\u00ed pr\u016ftok vzduchu, tak\u017ee koncentrace oxidu uhli\u010dit\u00e9ho (CO\u2082) je obvykle stejn\u00e1 jako n\u00ed\u017ee v m\u00edstnosti. Pokud se v\u0161ak jedn\u00e1 o uzav\u0159enou m\u00edstnost bez ventilace, doporu\u010duje se um\u00edstit senzor p\u0159ibli\u017en\u011b do v\u00fd\u0161ky hlavy obyvatel.<\/p>\n<\/p><\/div>\n<p> <!-- Close content div. -->\n\t\t<\/div>\n<p> <!-- Close collapse div. -->\n\t<\/div>\n<p> <!-- Close card div. --><br \/>\n\t\t<!-- Start accordion card div. --><\/p>\n<div class=\"ea-card  sp-ea-single\">\n\t\t<!-- Start accordion header. --><\/p>\n<h3 class=\"ea-header\">\n\t\t\t<!-- Add anchor tag for header. --><br \/>\n\t\t\t<a class=\"collapsed\" id=\"ea-header-778\" data-sptoggle=\"spcollapse\" data-sptarget=\"#collapse778\" aria-controls=\"collapse778\" href=\"#\"  aria-expanded=\"false\" tabindex=\"0\"><br \/>\n\t\t\t<i class=\"ea-expand-icon ea-icon-expand-plus\"><\/i> Jak\u00e1 je spot\u0159eba energie senzoru, jak\u00fd zdroj nap\u00e1jen\u00ed bych m\u011bl pou\u017e\u00edt?\t\t\t<\/a> <!-- Close anchor tag for header. --><br \/>\n\t\t<\/h3>\n<p>\t<!-- Close header tag. --><br \/>\n\t\t<!-- Start collapsible content div. --><\/p>\n<div class=\"sp-collapse spcollapse spcollapse\" id=\"collapse778\" data-parent=\"#sp-ea-77\" role=\"region\" aria-labelledby=\"ea-header-778\">  <!-- Content div. --><\/p>\n<div class=\"ea-body\">\n<p>Spot\u0159eba energie senzoru se m\u00edrn\u011b li\u0161\u00ed podle typu, ale pr\u016fm\u011brn\u011b je pod jedn\u00edm wattem. Proto nen\u00ed z hlediska v\u00fdkonu n\u00e1ro\u010dn\u00fd; nicm\u00e9n\u011b u senzor\u016f CO<sub>2<\/sub> je t\u0159eba po\u010d\u00edtat s proudov\u00fdmi \u0161pi\u010dkami a\u017e 150 mA, a to i na velmi kr\u00e1tkou dobu v \u0159\u00e1du milisekund. Rozsah nap\u00e1jec\u00edho nap\u011bt\u00ed pro v\u011bt\u0161inu senzor\u016f je od 12 V DC do 35 V DC, co\u017e je dostate\u010dn\u011b \u0161irok\u00e9, aby jak\u00fdkoli standardn\u00ed 12 V nebo 24 V nap\u00e1jec\u00ed zdroj byl pln\u011b vhodn\u00fd pro nap\u00e1jen\u00ed senzoru.<\/p>\n<\/p><\/div>\n<p> <!-- Close content div. -->\n\t\t<\/div>\n<p> <!-- Close collapse div. -->\n\t<\/div>\n<p> <!-- Close card div. --><br \/>\n\t\t<!-- Start accordion card div. --><\/p>\n<div class=\"ea-card  sp-ea-single\">\n\t\t<!-- Start accordion header. --><\/p>\n<h3 class=\"ea-header\">\n\t\t\t<!-- Add anchor tag for header. --><br \/>\n\t\t\t<a class=\"collapsed\" id=\"ea-header-779\" data-sptoggle=\"spcollapse\" data-sptarget=\"#collapse779\" aria-controls=\"collapse779\" href=\"#\"  aria-expanded=\"false\" tabindex=\"0\"><br \/>\n\t\t\t<i class=\"ea-expand-icon ea-icon-expand-plus\"><\/i> Mohu p\u0159ipojit jen jednu zem? 3-vodi\u010dov\u00e9 p\u0159ipojen\u00ed?\t\t\t<\/a> <!-- Close anchor tag for header. --><br \/>\n\t\t<\/h3>\n<p>\t<!-- Close header tag. --><br \/>\n\t\t<!-- Start collapsible content div. --><\/p>\n<div class=\"sp-collapse spcollapse spcollapse\" id=\"collapse779\" data-parent=\"#sp-ea-77\" role=\"region\" aria-labelledby=\"ea-header-779\">  <!-- Content div. --><\/p>\n<div class=\"ea-body\">\n<p>Ano, je to mo\u017en\u00e9 a pro kr\u00e1tk\u00e9 vzd\u00e1lenosti v rozmez\u00ed n\u011bkolika metr\u016f nap\u00e1jec\u00edho kabelu je to bezprobl\u00e9mov\u00e9. M\u00edn\u00edme t\u00edm p\u0159ipojen\u00ed nap\u00e1jen\u00ed a analogov\u00e9ho v\u00fdstupu senzoru se spole\u010dnou zem\u00ed. Pokud je d\u00e9lka nap\u00e1jec\u00edho kabelu ji\u017e p\u0159es 10 m nebo pokud kabel k senzoru b\u011b\u017e\u00ed paraleln\u011b s jak\u00fdmikoli nap\u00e1jec\u00edmi vodi\u010di, kter\u00e9 by mohly ru\u0161it jejich elektromagnetick\u00e9 pole v bezprost\u0159edn\u00edm okol\u00ed, doporu\u010duje se \u010dty\u0159vodi\u010dov\u00e9 p\u0159ipojen\u00ed. \u010cty\u0159vodi\u010dov\u00e9 p\u0159ipojen\u00ed znamen\u00e1, \u017ee se pou\u017e\u00edv\u00e1 samostatn\u00e1 kroucen\u00e1 dvojice vodi\u010d\u016f pro nap\u00e1jen\u00ed a pro v\u00fdstup 0-10 V, jako jsou ty dostupn\u00e9 v kabelu SYKFY 2x2x0.5.<\/p>\n<\/p><\/div>\n<p> <!-- Close content div. -->\n\t\t<\/div>\n<p> <!-- Close collapse div. -->\n\t<\/div>\n<p> <!-- Close card div. -->\n\t<\/div>\n<\/div>\n","protected":false},"excerpt":{"rendered":"","protected":false},"author":4,"featured_media":0,"parent":0,"menu_order":0,"comment_status":"closed","ping_status":"closed","template":"","meta":{"footnotes":""},"class_list":["post-59","page","type-page","status-publish","hentry"],"acf":[],"_links":{"self":[{"href":"https:\/\/cidladev.mh370.cz\/cs\/wp-json\/wp\/v2\/pages\/59","targetHints":{"allow":["GET"]}}],"collection":[{"href":"https:\/\/cidladev.mh370.cz\/cs\/wp-json\/wp\/v2\/pages"}],"about":[{"href":"https:\/\/cidladev.mh370.cz\/cs\/wp-json\/wp\/v2\/types\/page"}],"author":[{"embeddable":true,"href":"https:\/\/cidladev.mh370.cz\/cs\/wp-json\/wp\/v2\/users\/4"}],"replies":[{"embeddable":true,"href":"https:\/\/cidladev.mh370.cz\/cs\/wp-json\/wp\/v2\/comments?post=59"}],"version-history":[{"count":0,"href":"https:\/\/cidladev.mh370.cz\/cs\/wp-json\/wp\/v2\/pages\/59\/revisions"}],"wp:attachment":[{"href":"https:\/\/cidladev.mh370.cz\/cs\/wp-json\/wp\/v2\/media?parent=59"}],"curies":[{"name":"wp","href":"https:\/\/api.w.org\/{rel}","templated":true}]}}