{"id":61,"date":"2024-09-17T07:53:53","date_gmt":"2024-09-17T05:53:53","guid":{"rendered":"http:\/\/cidladev.mh370.cz\/?page_id=61"},"modified":"2025-07-08T12:57:11","modified_gmt":"2025-07-08T10:57:11","slug":"vypocet-ventilacniho-pomeru","status":"publish","type":"page","link":"https:\/\/cidladev.mh370.cz\/cs\/vypocet-ventilacniho-pomeru\/","title":{"rendered":"V\u00fdpo\u010det ventila\u010dn\u00edho pom\u011bru"},"content":{"rendered":"<div class=\"gdc_row\">\n<div class=\"gdc_column gdc_chalf\">\n<div class=\"gdc_inner\">\n<div class=\"wrap mcb-wrap mcb-wrap-ggodn1zum one-second valign-top clearfix\">\n<div class=\"mcb-wrap-inner\">\n<div class=\"column mcb-column mcb-item-47s3chb8u one column_column vypocet\">\n<div class=\"column_attr clearfix\">\n<div class=\"column one desc\">\n<p>Pro v\u00fdpo\u010det odhadu ventila\u010dn\u00edho pom\u011bru (kolikr\u00e1t dojde k&nbsp;v\u00fdm\u011bn\u011b celkov\u00e9ho mno\u017estv\u00ed vzduchu v&nbsp;dan\u00e9m prostoru za&nbsp;jednu hodinu) je t\u0159eba p\u0159\u00edpadn\u011b up\u0159esnit koncentraci CO<sub>2<\/sub>\u00a0ve venkovn\u00edm vzduchu, jako v\u00fdchoz\u00ed hodnota je nastaveno 420 ppm. V&nbsp;n\u011bkter\u00fdch lokalit\u00e1ch mohou b\u00fdt i&nbsp;vy\u0161\u0161\u00ed venkovn\u00ed koncenrace CO<sub>2<\/sub>.<\/p>\n<p><a class=\"gtrackexternal\" href=\"https:\/\/www.co2.earth\/\" target=\"_blank\" rel=\"noopener\"><strong>Na tomto odkazu<\/strong><\/a>\u00a0jsou k&nbsp;dispozici nejnov\u011bj\u0161\u00ed v\u00fdsledky dlouhodob\u00e9ho monitorov\u00e1n\u00ed koncentrace CO<sub>2<\/sub>\u00a0ve venkovn\u00edm vzduchu na&nbsp;observato\u0159i Mauna Loa na&nbsp;ostrov\u011b Hawai uprost\u0159ed tich\u00e9ho oce\u00e1nu. Zde se prov\u00e1d\u00ed historicky nejdel\u0161\u00ed sledov\u00e1n\u00ed koncentrace CO<sub>2<\/sub>. Pot\u00e9 je t\u0159eba zadat objem monitorovan\u00e9ho prostoru, zadat po\u010det pob\u00fdvaj\u00edc\u00edch osob, vybrat typ aktivity a&nbsp;zadat vnit\u0159n\u00ed koncentraci CO<sub>2<\/sub>\u00a0a stisknout tla\u010d\u00edtko V\u00fdpo\u010d\u00edtat.<\/p>\n<div class=\"columnbox\">\n<div class=\"column one-second\">\n<div class=\"column one\">\n              <label>Venkovn\u00ed koncentrace CO<sub>2<\/sub>:<\/label><br \/>\n              <span class=\"wpcf7-form-control-wrap\" data-name=\"cr\"><br \/>\n                  <select name=\"CR\" class=\"wpcf7-form-control wpcf7-select\" id=\"CR\" aria-required=\"true\" aria-invalid=\"false\"><option value=\"400\">400 ppm<\/option><option value=\"410\">410 ppm<\/option><option value=\"420\" selected>420 ppm<\/option><option value=\"430\">430 ppm<\/option><option value=\"440\">440 ppm<\/option><option value=\"450\">450 ppm<\/option><option value=\"460\">460 ppm<\/option><option value=\"470\">470 ppm<\/option><option value=\"480\">480 ppm<\/option><option value=\"490\">490 ppm<\/option><option value=\"500\">500 ppm<\/option><\/select><br \/>\n              <\/span>\n          <\/div>\n<div class=\"twocolumns\">\n<div class=\"column one\">\n                <label>Objem prostoru:<\/label><br \/>\n                <span class=\"wpcf7-form-control-wrap\" data-name=\"v\"><br \/>\n                    <input type=\"number\" name=\"V\" value=\"\" class=\"wpcf7-form-control wpcf7-number inputNumeric\" id=\"V\" min=\"10\" max=\"5000\" aria-required=\"true\" aria-invalid=\"false\" placeholder=\"10 - 5 000 \u33a5\" required><br \/>\n                <\/span>\n            <\/div>\n<div class=\"column one\">\n                <label>Po\u010det osob:<\/label><br \/>\n                <span class=\"wpcf7-form-control-wrap\" data-name=\"n\"><br \/>\n                    <input type=\"number\" name=\"n\" value=\"\" class=\"wpcf7-form-control wpcf7-number inputNumeric\" id=\"n\" min=\"1\" max=\"100\" aria-required=\"true\" aria-invalid=\"false\" placeholder=\"1 - 100\"><br \/>\n                <\/span>\n            <\/div>\n<\/p><\/div>\n<div class=\"column one\">\n              <label>Typ aktivity:<\/label><br \/>\n              <span class=\"wpcf7-form-control-wrap\" data-name=\"gp\"><br \/>\n                  <select name=\"Gp\" class=\"wpcf7-form-control wpcf7-select\" id=\"Gp\" aria-required=\"true\" aria-invalid=\"false\"><option value=\"0.2\">Sp\u00e1nek<\/option><option value=\"0.19\">V\u00fduka na z\u00e1kladn\u00ed \u0161kole<\/option><option value=\"0.27\">Kancel\u00e1\u0159sk\u00e1 \u010dinnost<\/option><option value=\"0.74\">Dom\u00e1c\u00ed pr\u00e1ce<\/option><option value=\"0.86\">Sport<\/option><\/select><br \/>\n              <\/span>\n          <\/div>\n<div class=\"column one\">\n              <label>Vnit\u0159n\u00ed koncentrace CO<sub>2<\/sub> <span class=\"tooltip-container\"><br \/>\n                <span class=\"tooltip-icon\">?<\/span><br \/>\n                <span class=\"tooltip-text tooltip-top\">Ust\u00e1len\u00e1 koncentrace CO\u2082 uvnit\u0159 posuzovan\u00e9ho prostoru.<\/span><br \/>\n            <\/span>:<\/label><br \/>\n              <span class=\"wpcf7-form-control-wrap\" data-name=\"css\"><br \/>\n                  <input type=\"number\" name=\"CSS\" value=\"\" class=\"wpcf7-form-control wpcf7-number inputNumeric\" id=\"CSS\" min=\"550\" max=\"5000\" aria-required=\"true\" aria-invalid=\"false\" placeholder=\"550 - 5 000 ppm\"><br \/>\n              <\/span>\n          <\/div>\n<\/p><\/div>\n<div class=\"column one-second\">\n<div id=\"ACHSS\" class=\"vysledek\">\n<p>Ventila\u010dn\u00ed pom\u011br <span class=\"tooltip-container\"><br \/>\n                <span class=\"tooltip-icon\">?<\/span><br \/>\n                <span class=\"tooltip-text tooltip-top\">Kolikr\u00e1t dojde k v\u00fdm\u011bn\u011b celkov\u00e9ho mno\u017estv\u00ed vzduchu v dan\u00e9m prostoru za jednu hodinu.<\/span><br \/>\n            <\/span><\/p>\n<h2>x \/h<\/h2>\n<\/p><\/div>\n<div id=\"VR\" class=\"vysledek\">\n<p>P\u0159\u00edvod vzduchu na osobu <span class=\"tooltip-container\"><br \/>\n                <span class=\"tooltip-icon\">?<\/span><br \/>\n                <span class=\"tooltip-text tooltip-top\">Odhad mno\u017estv\u00ed p\u0159iv\u00e1d\u011bn\u00e9ho vzduchu v metrech krychlov\u00fdch za hodinu na jednu osobu.<\/span><br \/>\n            <\/span><\/p>\n<h2>m<sup>3<\/sup>\/h\/o<\/h2>\n<\/p><\/div>\n<\/p><\/div>\n<\/p><\/div>\n<div class=\"column one\">\n        <input type=\"button\" value=\"VYPO\u010c\u00cdTAT\" class=\"button spocitat button_full_width\">\n    <\/div>\n<\/div>\n<\/div>\n<\/div>\n<\/div>\n<\/div>\n<\/div>\n<\/div>\n<div class=\"gdc_column gdc_chalf\">\n<div class=\"gdc_inner\">\n<p>Odhad ventila\u010dn\u00edho pom\u011bru je zalo\u017een na&nbsp;p\u0159edpokladu dosa\u017een\u00ed rovnov\u00e1\u017en\u00e9ho stavu, kdy koncentrace CO<sub>2<\/sub>\u00a0uvnit\u0159 posuzovan\u00e9ho prostoru dos\u00e1hne ust\u00e1len\u00e9ho stavu.<\/p>\n<p>A&nbsp;p\u0159edpokl\u00e1d\u00e1 se konstantn\u00ed a&nbsp;zn\u00e1m\u00e1 \u00farove\u0148 CO<sub>2<\/sub>\u00a0v okoln\u00edm venkovn\u00edm vzduchu. P\u0159i&nbsp;v\u00fdpo\u010dtu se vych\u00e1z\u00ed z&nbsp;pr\u016fm\u011brn\u00fdch hodnot generace CO<sub>2<\/sub>\u00a0na osobu pro zvolenou aktivitu.<\/p>\n<p><a  class=\"button\" href=\"\/kontakty\/\">M\u00e1te dotaz?<\/a><\/p>\n<p><img loading=\"lazy\" decoding=\"async\" class=\"aligncenter size-full wp-image-82\" src=\"http:\/\/cidladev.mh370.cz\/wp-content\/uploads\/2024\/09\/vypocetMotiv.webp\" alt=\"\" width=\"780\" height=\"494\" srcset=\"https:\/\/cidladev.mh370.cz\/wp-content\/uploads\/2024\/09\/vypocetMotiv.webp 780w, https:\/\/cidladev.mh370.cz\/wp-content\/uploads\/2024\/09\/vypocetMotiv-300x190.webp 300w, https:\/\/cidladev.mh370.cz\/wp-content\/uploads\/2024\/09\/vypocetMotiv-768x486.webp 768w\" sizes=\"auto, (max-width: 780px) 100vw, 780px\" \/><\/p>\n<\/div>\n<\/div>\n<\/div>\n","protected":false},"excerpt":{"rendered":"","protected":false},"author":4,"featured_media":0,"parent":0,"menu_order":0,"comment_status":"closed","ping_status":"closed","template":"","meta":{"footnotes":""},"class_list":["post-61","page","type-page","status-publish","hentry"],"acf":[],"_links":{"self":[{"href":"https:\/\/cidladev.mh370.cz\/cs\/wp-json\/wp\/v2\/pages\/61","targetHints":{"allow":["GET"]}}],"collection":[{"href":"https:\/\/cidladev.mh370.cz\/cs\/wp-json\/wp\/v2\/pages"}],"about":[{"href":"https:\/\/cidladev.mh370.cz\/cs\/wp-json\/wp\/v2\/types\/page"}],"author":[{"embeddable":true,"href":"https:\/\/cidladev.mh370.cz\/cs\/wp-json\/wp\/v2\/users\/4"}],"replies":[{"embeddable":true,"href":"https:\/\/cidladev.mh370.cz\/cs\/wp-json\/wp\/v2\/comments?post=61"}],"version-history":[{"count":0,"href":"https:\/\/cidladev.mh370.cz\/cs\/wp-json\/wp\/v2\/pages\/61\/revisions"}],"wp:attachment":[{"href":"https:\/\/cidladev.mh370.cz\/cs\/wp-json\/wp\/v2\/media?parent=61"}],"curies":[{"name":"wp","href":"https:\/\/api.w.org\/{rel}","templated":true}]}}