{"id":63,"date":"2024-09-17T07:54:46","date_gmt":"2024-09-17T05:54:46","guid":{"rendered":"http:\/\/cidladev.mh370.cz\/?page_id=63"},"modified":"2025-08-19T15:24:41","modified_gmt":"2025-08-19T13:24:41","slug":"zajimave-odkazy","status":"publish","type":"page","link":"https:\/\/cidladev.mh370.cz\/cs\/zajimave-odkazy\/","title":{"rendered":"Zaj\u00edmav\u00e9 odkazy"},"content":{"rendered":"<div class=\"gdc_row\">\n<div class=\"gdc_column gdc_cthird\">\n<div class=\"gdc_inner\">\n<div class=\"external\">\n<h3>Celosv\u011btov\u00fd v\u00fdvoj venkovn\u00ed koncentrace CO<sub>2 <\/sub>(v&nbsp;angli\u010dtin\u011b)<\/h3>\n<p>gml.noaa.gov<\/p>\n<p><a target=\"_blank\" href=\"https:\/\/gml.noaa.gov\/ccgg\/trends\/weekly.html\"><\/a><\/div>\n<\/div>\n<\/div>\n<div class=\"gdc_column gdc_cthird\">\n<div class=\"gdc_inner\">\n<div class=\"external\">\n<h3>\u0160kodliv\u00e9 studium. T\u0159etina \u010desk\u00fdch d\u011bt\u00ed se ve \u0161kol\u00e1ch \u201edus\u00ed\u201c<\/h3>\n<p>denik.cz<\/p>\n<p><a target=\"_blank\" href=\"https:\/\/www.denik.cz\/zdravi\/skodlive-studium-tretina-ceskych-deti-se-ve-skolach-dusi-20180312.html\"><\/a><\/div>\n<\/div>\n<\/div>\n<div class=\"gdc_column gdc_cthird\">\n<div class=\"gdc_inner\">\n<div class=\"external\">\n<h3>Pozornost d\u011bt\u00ed ve \u0161kole ovliv\u0148uje i&nbsp;kvalita vzduchu.<\/h3>\n<p>vitalita.cz<\/p>\n<p><a target=\"_blank\" href=\"https:\/\/www.vitalia.cz\/clanky\/dite-s-adhd-je-zlobive-ale-ne-nevychovane\/\"><\/a><\/div>\n<\/div>\n<\/div>\n<\/div>\n<div class=\"gdc_row\">\n<div class=\"gdc_column gdc_cthird\">\n<div class=\"gdc_inner\">\n<div class=\"external\">\n<h3>Aktu\u00e1ln\u00ed vyhl\u00e1\u0161ka upravuj\u00edc\u00ed na\u0159\u00edzen\u00ed ohledn\u011b kvality vnit\u0159n\u00edho vzduchu \u010d.&nbsp;43\/2025 Sb.<\/h3>\n<p>zakonyprolidi.cz<\/p>\n<p><a target=\"_blank\" href=\"https:\/\/www.zakonyprolidi.cz\/cs\/2025-43\"><\/a><\/div>\n<\/div>\n<\/div>\n<div class=\"gdc_column gdc_cthird\">\n<div class=\"gdc_inner\">\n<div class=\"external\">\n<div class=\"section_wrapper mfn-wrapper-for-wraps mcb-section-inner mcb-section-inner-695c80f5b\">\n<div class=\"wrap mcb-wrap mcb-wrap-c86be45c5 one tablet-one laptop-one mobile-one valign-top clearfix\" data-desktop-col=\"one\" data-laptop-col=\"laptop-one\" data-tablet-col=\"tablet-one\" data-mobile-col=\"mobile-one\">\n<div class=\"mcb-wrap-inner mcb-wrap-inner-c86be45c5 mfn-module-wrapper mfn-wrapper-for-wraps\">\n<div class=\"column mcb-column mcb-item-7e107e33c one-second laptop-one-second tablet-one-second mobile-one column_list\">\n<div class=\"mcb-column-inner mfn-module-wrapper mcb-column-inner-7e107e33c mcb-item-list-inner\">\n<div class=\"list_item lists_1 clearfix\">\n<div class=\"list_right\">\n<h3 class=\"title\">Zne\u010di\u0161t\u011bn\u00ed vzduchu ve sv\u011bt\u011b: Index kvality ovzdu\u0161\u00ed v&nbsp;re\u00e1ln\u00e9m \u010dase<\/h3>\n<\/div>\n<\/div>\n<\/div>\n<\/div>\n<\/div>\n<\/div>\n<\/div>\n<p>aqicn.org<\/p>\n<p><a target=\"_blank\" href=\"https:\/\/aqicn.org\/map\/world\/\"><\/a><\/div>\n<\/div>\n<\/div>\n<div class=\"gdc_column gdc_cthird\">\n<div class=\"gdc_inner\">\n<div class=\"external\">\n<div class=\"section_wrapper mfn-wrapper-for-wraps mcb-section-inner mcb-section-inner-695c80f5b\">\n<div class=\"wrap mcb-wrap mcb-wrap-c86be45c5 one tablet-one laptop-one mobile-one valign-top clearfix\" data-desktop-col=\"one\" data-laptop-col=\"laptop-one\" data-tablet-col=\"tablet-one\" data-mobile-col=\"mobile-one\">\n<div class=\"mcb-wrap-inner mcb-wrap-inner-c86be45c5 mfn-module-wrapper mfn-wrapper-for-wraps\">\n<div class=\"column mcb-column mcb-item-7e107e33c one-second laptop-one-second tablet-one-second mobile-one column_list\">\n<div class=\"mcb-column-inner mfn-module-wrapper mcb-column-inner-7e107e33c mcb-item-list-inner\">\n<div class=\"list_item lists_1 clearfix\">\n<div class=\"list_right\">\n<h3 class=\"title\">V\u00fdzkum uk\u00e1zal, \u017ee vyd\u00fdchan\u00fd vzduch v&nbsp;kancel\u00e1\u0159i zp\u016fsobuje men\u0161\u00ed produktivitu (EN)<\/h3>\n<\/div>\n<\/div>\n<\/div>\n<\/div>\n<\/div>\n<\/div>\n<\/div>\n<p>hbr.org<\/p>\n<p><a target=\"_blank\" href=\"https:\/\/hbr.org\/2017\/03\/research-stale-office-air-is-making-you-less-productive\"><\/a><\/div>\n<\/div>\n<\/div>\n<\/div>\n<div class=\"gdc_row\">\n<div class=\"gdc_column gdc_cthird\">\n<div class=\"gdc_inner\">\n<div class=\"external\">\n<div class=\"section_wrapper mfn-wrapper-for-wraps mcb-section-inner mcb-section-inner-695c80f5b\">\n<div class=\"wrap mcb-wrap mcb-wrap-c86be45c5 one tablet-one laptop-one mobile-one valign-top clearfix\" data-desktop-col=\"one\" data-laptop-col=\"laptop-one\" data-tablet-col=\"tablet-one\" data-mobile-col=\"mobile-one\">\n<div class=\"mcb-wrap-inner mcb-wrap-inner-c86be45c5 mfn-module-wrapper mfn-wrapper-for-wraps\">\n<div class=\"column mcb-column mcb-item-7e107e33c one-second laptop-one-second tablet-one-second mobile-one column_list\">\n<div class=\"mcb-column-inner mfn-module-wrapper mcb-column-inner-7e107e33c mcb-item-list-inner\">\n<div class=\"list_item lists_1 clearfix\">\n<div class=\"list_right\">\n<h3 class=\"title\">Jak p\u016fsob\u00ed kvalita vzduchu v&nbsp;lo\u017enici na&nbsp;sp\u00e1nek a&nbsp;v\u00fdkon v&nbsp;n\u00e1sleduj\u00edc\u00edm dni (EN)<\/h3>\n<\/div>\n<\/div>\n<\/div>\n<\/div>\n<\/div>\n<\/div>\n<\/div>\n<p>onlinelibrary.wiley.com<\/p>\n<p><a target=\"_blank\" href=\"https:\/\/onlinelibrary.wiley.com\/doi\/full\/10.1111\/ina.12254\"><\/a><\/div>\n<\/div>\n<\/div>\n<div class=\"gdc_column gdc_cthird\">\n<div class=\"gdc_inner\">\n<\/div>\n<\/div>\n<div class=\"gdc_column gdc_cthird\">\n<div class=\"gdc_inner\">\n<\/div>\n<\/div>\n<\/div>\n","protected":false},"excerpt":{"rendered":"","protected":false},"author":4,"featured_media":0,"parent":0,"menu_order":0,"comment_status":"closed","ping_status":"closed","template":"","meta":{"footnotes":""},"class_list":["post-63","page","type-page","status-publish","hentry"],"acf":[],"_links":{"self":[{"href":"https:\/\/cidladev.mh370.cz\/cs\/wp-json\/wp\/v2\/pages\/63","targetHints":{"allow":["GET"]}}],"collection":[{"href":"https:\/\/cidladev.mh370.cz\/cs\/wp-json\/wp\/v2\/pages"}],"about":[{"href":"https:\/\/cidladev.mh370.cz\/cs\/wp-json\/wp\/v2\/types\/page"}],"author":[{"embeddable":true,"href":"https:\/\/cidladev.mh370.cz\/cs\/wp-json\/wp\/v2\/users\/4"}],"replies":[{"embeddable":true,"href":"https:\/\/cidladev.mh370.cz\/cs\/wp-json\/wp\/v2\/comments?post=63"}],"version-history":[{"count":0,"href":"https:\/\/cidladev.mh370.cz\/cs\/wp-json\/wp\/v2\/pages\/63\/revisions"}],"wp:attachment":[{"href":"https:\/\/cidladev.mh370.cz\/cs\/wp-json\/wp\/v2\/media?parent=63"}],"curies":[{"name":"wp","href":"https:\/\/api.w.org\/{rel}","templated":true}]}}