{"id":65,"date":"2024-09-17T07:54:55","date_gmt":"2024-09-17T05:54:55","guid":{"rendered":"http:\/\/cidladev.mh370.cz\/?page_id=65"},"modified":"2025-09-12T14:28:10","modified_gmt":"2025-09-12T12:28:10","slug":"projekty-eu","status":"publish","type":"page","link":"https:\/\/cidladev.mh370.cz\/cs\/projekty-eu\/","title":{"rendered":"Projekty EU"},"content":{"rendered":"<h3><img loading=\"lazy\" decoding=\"async\" class=\"alignnone size-full wp-image-11696\" src=\"https:\/\/www.cidla.cz\/wp-content\/uploads\/2025\/09\/cl-ai-insta-loznice-V0-A.png\" alt=\"\" width=\"618\" height=\"107\" srcset=\"https:\/\/cidladev.mh370.cz\/wp-content\/uploads\/2025\/09\/cl-ai-insta-loznice-V0-A.png 618w, https:\/\/cidladev.mh370.cz\/wp-content\/uploads\/2025\/09\/cl-ai-insta-loznice-V0-A-300x52.png 300w\" sizes=\"auto, (max-width: 618px) 100vw, 618px\" \/><\/h3>\n<h3>V\u00fdstavba fotovoltaick\u00e9 elektr\u00e1rny v\u010detn\u011b akumulace<\/h3>\n<p class=\"p1\"><strong>V r\u00e1mci finan\u010dn\u00edho n\u00e1stroje Fotovoltaick\u00e9 syst\u00e9my s\/bez akumulace (FVE) Opera\u010dn\u00edho programu Technologie a&nbsp;aplikace pro konkurenceschopnost 2021-2027 (OP TAK) realizujeme v\u00fdstavbu fotovoltaick\u00e9 elektr\u00e1rny o&nbsp;celkov\u00e9m p\u0159edpokl\u00e1dan\u00e9m v\u00fdkonu 49,14 kWp a&nbsp;akumulaci 89 kWh a&nbsp;t\u00edm zajistit v\u011bt\u0161\u00ed pod\u00edl z\u00edsk\u00e1v\u00e1n\u00ed elektrick\u00e9 energie z&nbsp;obnoviteln\u00fdch zdroj\u016f.\u00a0<\/strong><\/p>\n<p>&nbsp;<\/p>\n<h3><img loading=\"lazy\" decoding=\"async\" class=\"alignnone wp-image-11692 \" src=\"https:\/\/www.cidla.cz\/wp-content\/uploads\/2025\/09\/povinna-publicita-mpo-e1757679171358.png\" alt=\"\" width=\"618\" height=\"107\" srcset=\"https:\/\/cidladev.mh370.cz\/wp-content\/uploads\/2025\/09\/povinna-publicita-mpo-e1757679171358.png 832w, https:\/\/cidladev.mh370.cz\/wp-content\/uploads\/2025\/09\/povinna-publicita-mpo-e1757679171358-300x52.png 300w, https:\/\/cidladev.mh370.cz\/wp-content\/uploads\/2025\/09\/povinna-publicita-mpo-e1757679171358-768x133.png 768w\" sizes=\"auto, (max-width: 618px) 100vw, 618px\" \/><\/h3>\n<h3>Podpora \u00fa\u010dasti na&nbsp;zahrani\u010dn\u00edch veletrz\u00edch<\/h3>\n<p><strong>V r\u00e1mci v\u00fdzvy Marketing &#8211; v\u00fdzva II. vyhl\u00e1\u0161en\u00e9 Ministerstvem pr\u016fmyslu a&nbsp;obchodu v&nbsp;r\u00e1mci v&nbsp;r\u00e1mci Opera\u010dn\u00edho programu technologie a&nbsp;aplikace pro konkurenceschopnost 2021 &#8211; 2027 budeme do roku 2025 realizovat 2 \u00fa\u010dasti na&nbsp;zahrani\u010dn\u00edch veletrz\u00edch. C\u00edlem projektu je zv\u00fd\u0161it pov\u011bdom\u00ed o&nbsp;na\u0161\u00ed spole\u010dnosti v&nbsp;zahrani\u010d\u00ed, naj\u00edt vhodn\u00e9 potenci\u00e1ln\u00ed z\u00e1kazn\u00edky a&nbsp;tak o&nbsp;n\u00e1s zv\u00fd\u0161it dobr\u00e9 pov\u011bdom\u00ed a&nbsp;tak zv\u00fd\u0161it konkurenceschopnost. Tento projekt je podpo\u0159en z&nbsp;finan\u010dn\u00edch prost\u0159edk\u016f EU.<\/strong><\/p>\n<p><img loading=\"lazy\" decoding=\"async\" class=\"alignnone wp-image-11302\" src=\"https:\/\/www.cidla.cz\/wp-content\/uploads\/2025\/07\/projekty_eu.png\" alt=\"\" width=\"574\" height=\"107\" srcset=\"https:\/\/cidladev.mh370.cz\/wp-content\/uploads\/2025\/07\/projekty_eu.png 574w, https:\/\/cidladev.mh370.cz\/wp-content\/uploads\/2025\/07\/projekty_eu-300x56.png 300w\" sizes=\"auto, (max-width: 574px) 100vw, 574px\" \/><\/p>\n<h3>Zpracov\u00e1n\u00ed marketingov\u00e9 strategie<\/h3>\n<p><strong>V r\u00e1mci v\u00fdzvy \u010d.&nbsp;461, Kreativn\u00ed vouchery II vyhl\u00e1\u0161en\u00e9 Ministerstvem kultury v&nbsp;r\u00e1mci N\u00e1rodn\u00edho pl\u00e1nu obnovy jsme zrealizovali projekt s&nbsp;n\u00e1zvem Marketingov\u00e1 strategie Protronix, registra\u010dn\u00ed \u010d\u00edslo 0461000770. C\u00edlem tohoto projektu bylo podpo\u0159it firemn\u00ed marketing a&nbsp;pozitivn\u011b tak ovlivnit m\u00edn\u011bn\u00ed o&nbsp;firm\u011b, tr\u017eby firmy a&nbsp;jej\u00ed konkurenceschopnost. Tento projekt je podpo\u0159en z&nbsp;finan\u010dn\u00edch prost\u0159edk\u016f EU.<\/strong><\/p>\n<p><img loading=\"lazy\" decoding=\"async\" class=\"alignnone size-full wp-image-11302\" src=\"https:\/\/www.cidla.cz\/wp-content\/uploads\/2025\/07\/projekty_eu.png\" alt=\"\" width=\"574\" height=\"107\" srcset=\"https:\/\/cidladev.mh370.cz\/wp-content\/uploads\/2025\/07\/projekty_eu.png 574w, https:\/\/cidladev.mh370.cz\/wp-content\/uploads\/2025\/07\/projekty_eu-300x56.png 300w\" sizes=\"auto, (max-width: 574px) 100vw, 574px\" \/><\/p>\n<h3>N\u00e1vrh designu krabi\u010dek<\/h3>\n<p><strong>V r\u00e1mci v\u00fdzvy Design Credits vyhl\u00e1\u0161en\u00e9 v&nbsp;r\u00e1mci implementace komponenty 4.5 Rozvoj kulturn\u00edho a&nbsp;kreativn\u00edho sektoru, iniciativy: Kreativn\u00ed voucher jsme zrealizovali projekt s&nbsp;n\u00e1zvem Design krabi\u010dek pro \u010didla kvality vzduchu, registra\u010dn\u00ed \u010d\u00edslo 0218000049. C\u00edlem tohoto projektu bylo zv\u00fd\u0161it konkurenceschopnost na\u0161ich produkt\u016f v&nbsp;r\u00e1mci EU.<\/strong><\/p>\n","protected":false},"excerpt":{"rendered":"<p>V\u00fdstavba fotovoltaick\u00e9 elektr\u00e1rny v\u010detn\u011b akumulace V&nbsp;r\u00e1mci finan\u010dn\u00edho n\u00e1stroje Fotovoltaick\u00e9 syst\u00e9my s\/bez akumulace (FVE) Opera\u010dn\u00edho programu Technologie a&nbsp;aplikace pro konkurenceschopnost 2021-2027 (OP TAK) realizujeme v\u00fdstavbu fotovoltaick\u00e9 elektr\u00e1rny o&nbsp;celkov\u00e9m p\u0159edpokl\u00e1dan\u00e9m v\u00fdkonu 49,14 kWp a&nbsp;akumulaci 89 kWh a&nbsp;t\u00edm zajistit v\u011bt\u0161\u00ed pod\u00edl z\u00edsk\u00e1v\u00e1n\u00ed elektrick\u00e9 energie z&nbsp;obnoviteln\u00fdch zdroj\u016f.\u00a0 &nbsp; Podpora \u00fa\u010dasti na&nbsp;zahrani\u010dn\u00edch veletrz\u00edch V&nbsp;r\u00e1mci v\u00fdzvy Marketing &#8211; v\u00fdzva&#8230;<\/p>\n","protected":false},"author":4,"featured_media":0,"parent":0,"menu_order":0,"comment_status":"closed","ping_status":"closed","template":"","meta":{"footnotes":""},"class_list":["post-65","page","type-page","status-publish","hentry"],"acf":[],"_links":{"self":[{"href":"https:\/\/cidladev.mh370.cz\/cs\/wp-json\/wp\/v2\/pages\/65","targetHints":{"allow":["GET"]}}],"collection":[{"href":"https:\/\/cidladev.mh370.cz\/cs\/wp-json\/wp\/v2\/pages"}],"about":[{"href":"https:\/\/cidladev.mh370.cz\/cs\/wp-json\/wp\/v2\/types\/page"}],"author":[{"embeddable":true,"href":"https:\/\/cidladev.mh370.cz\/cs\/wp-json\/wp\/v2\/users\/4"}],"replies":[{"embeddable":true,"href":"https:\/\/cidladev.mh370.cz\/cs\/wp-json\/wp\/v2\/comments?post=65"}],"version-history":[{"count":0,"href":"https:\/\/cidladev.mh370.cz\/cs\/wp-json\/wp\/v2\/pages\/65\/revisions"}],"wp:attachment":[{"href":"https:\/\/cidladev.mh370.cz\/cs\/wp-json\/wp\/v2\/media?parent=65"}],"curies":[{"name":"wp","href":"https:\/\/api.w.org\/{rel}","templated":true}]}}